{"id":304342,"date":"2025-04-16T22:36:14","date_gmt":"2025-04-16T20:36:14","guid":{"rendered":"https:\/\/www.atta45.se\/e-butik\/produkt\/brandcharger-noty-folio-mapp\/"},"modified":"2025-10-27T20:52:54","modified_gmt":"2025-10-27T19:52:54","slug":"brandcharger-noty-folio-mapp","status":"publish","type":"product","link":"https:\/\/www.atta45.se\/e-butik\/produkt\/brandcharger-noty-folio-mapp\/","title":{"rendered":"BrandCharger Noty Folio mapp"},"content":{"rendered":"<p>Mapp tillverkad av \u00e5tervunna PET-flaskor och papper, \u00e4r en f\u00f6rstklassig arbetsmapp. Den inneh\u00e5ller plats f\u00f6r en A4-anteckningsbok, en fack f\u00f6r surfplatta\/laptop (upp till 13 tum) och fack f\u00f6r v\u00e4sentliga saker som visitkort. Denna omfattande folio har en magnetisk st\u00e4ngning, inbunden och utf\u00e4llbar skrivbordsorganisator. Idealisk f\u00f6r frekventa pendlare och proffs p\u00e5 spr\u00e5ng.<\/p>\n","protected":false},"excerpt":{"rendered":"<p>Mapp tillverkad av \u00e5tervunna PET-flaskor och papper, \u00e4r en f\u00f6rstklassig arbetsmapp. Den inneh\u00e5ller plats f\u00f6r en A4-anteckningsbok, en fack f\u00f6r surfplatta\/laptop (upp till 13 tum) och fack f\u00f6r v\u00e4sentliga saker som visitkort. Denna omfattande folio har en magnetisk st\u00e4ngning, inbunden och utf\u00e4llbar skrivbordsorganisator. Idealisk f\u00f6r frekventa pendlare och proffs p\u00e5 spr\u00e5ng.<\/p>\n","protected":false},"featured_media":304343,"template":"","meta":{"_acf_changed":false,"_seopress_robots_primary_cat":"","_seopress_titles_title":"","_seopress_titles_desc":"","_seopress_robots_index":""},"product_brand":[],"product_cat":[15],"product_tag":[],"class_list":{"0":"post-304342","1":"product","2":"type-product","3":"status-publish","4":"has-post-thumbnail","6":"product_cat-okategoriserad","7":"atta45_taxonomy-elektronik-kontor-datortillbehor-sv","8":"atta45_taxonomy-vaskor-resetillbehor-dokument-skolvaskor-sv","9":"atta45_taxonomy-elektronik-kontor-dokument-skolvaskor-sv","10":"atta45_taxonomy-kassar-pasar-kassar-sv","11":"atta45_taxonomy-textil-kontor-foretag-sv","12":"atta45_taxonomy-vaskor-resetillbehor-laptopvaskor-sv","13":"atta45_taxonomy-nyheter-sv","14":"atta45_taxonomy-tema-inspiration-utvalda-produkter-nyheter-sv","15":"atta45_taxonomy-textil-organiskt-sv","16":"atta45_taxonomy-vaskor-resetillbehor-portfoljer-sv","17":"atta45_taxonomy-elektronik-kontor-portfoljer-sv","18":"atta45_taxonomy-tema-inspiration-varumarken-sv","19":"atta45_taxonomy-textil-vaskor-bagar-sv","20":"atta45_taxonomy-vaskor-resetillbehor-sv","22":"first","23":"instock","24":"taxable","25":"shipping-taxable","26":"purchasable","27":"product-type-variable"},"acf":[],"_links":{"self":[{"href":"https:\/\/www.atta45.se\/e-butik\/wp-json\/wp\/v2\/product\/304342","targetHints":{"allow":["GET"]}}],"collection":[{"href":"https:\/\/www.atta45.se\/e-butik\/wp-json\/wp\/v2\/product"}],"about":[{"href":"https:\/\/www.atta45.se\/e-butik\/wp-json\/wp\/v2\/types\/product"}],"wp:featuredmedia":[{"embeddable":true,"href":"https:\/\/www.atta45.se\/e-butik\/wp-json\/wp\/v2\/media\/304343"}],"wp:attachment":[{"href":"https:\/\/www.atta45.se\/e-butik\/wp-json\/wp\/v2\/media?parent=304342"}],"wp:term":[{"taxonomy":"product_brand","embeddable":true,"href":"https:\/\/www.atta45.se\/e-butik\/wp-json\/wp\/v2\/product_brand?post=304342"},{"taxonomy":"product_cat","embeddable":true,"href":"https:\/\/www.atta45.se\/e-butik\/wp-json\/wp\/v2\/product_cat?post=304342"},{"taxonomy":"product_tag","embeddable":true,"href":"https:\/\/www.atta45.se\/e-butik\/wp-json\/wp\/v2\/product_tag?post=304342"}],"curies":[{"name":"wp","href":"https:\/\/api.w.org\/{rel}","templated":true}]}}