{"id":304320,"date":"2025-04-16T22:34:13","date_gmt":"2025-04-16T20:34:13","guid":{"rendered":"https:\/\/www.atta45.se\/e-butik\/produkt\/brandcharger-ascend-mini-telefonhallare\/"},"modified":"2025-10-27T20:52:19","modified_gmt":"2025-10-27T19:52:19","slug":"brandcharger-ascend-mini-telefonhallare","status":"publish","type":"product","link":"https:\/\/www.atta45.se\/e-butik\/produkt\/brandcharger-ascend-mini-telefonhallare\/","title":{"rendered":"BrandCharger Ascend Mini telefonh\u00e5llare"},"content":{"rendered":"<p>Ascend Mini Eco h\u00e5llare f\u00f6r telefon och surfplatta, tillverkad av RPET, har en magnetisk vikst\u00e4ngning f\u00f6r enkel portabilitet. Den rymmer smartphones och surfplattor upp till 13 tum och inkluderar en kabelorganisat\u00f6r f\u00f6r att h\u00e5lla arbetsytor snygga.<\/p>\n","protected":false},"excerpt":{"rendered":"<p>Ascend Mini Eco h\u00e5llare f\u00f6r telefon och surfplatta, tillverkad av RPET, har en magnetisk vikst\u00e4ngning f\u00f6r enkel portabilitet. Den rymmer smartphones och surfplattor upp till 13 tum och inkluderar en kabelorganisat\u00f6r f\u00f6r att h\u00e5lla arbetsytor snygga.<\/p>\n","protected":false},"featured_media":304321,"template":"","meta":{"_acf_changed":false,"_seopress_robots_primary_cat":"","_seopress_titles_title":"","_seopress_titles_desc":"","_seopress_robots_index":""},"product_brand":[],"product_cat":[15],"product_tag":[],"class_list":{"0":"post-304320","1":"product","2":"type-product","3":"status-publish","4":"has-post-thumbnail","6":"product_cat-okategoriserad","7":"atta45_taxonomy-elektronik-kontor-sv","8":"atta45_taxonomy-mobiltillbehor-mobiltillbehor-sv","9":"atta45_taxonomy-tema-inspiration-utvalda-produkter-nyheter-sv","10":"atta45_taxonomy-nyheter-sv","11":"atta45_taxonomy-tema-inspiration-varumarken-sv","13":"first","14":"instock","15":"taxable","16":"shipping-taxable","17":"purchasable","18":"product-type-variable"},"acf":[],"_links":{"self":[{"href":"https:\/\/www.atta45.se\/e-butik\/wp-json\/wp\/v2\/product\/304320","targetHints":{"allow":["GET"]}}],"collection":[{"href":"https:\/\/www.atta45.se\/e-butik\/wp-json\/wp\/v2\/product"}],"about":[{"href":"https:\/\/www.atta45.se\/e-butik\/wp-json\/wp\/v2\/types\/product"}],"wp:featuredmedia":[{"embeddable":true,"href":"https:\/\/www.atta45.se\/e-butik\/wp-json\/wp\/v2\/media\/304321"}],"wp:attachment":[{"href":"https:\/\/www.atta45.se\/e-butik\/wp-json\/wp\/v2\/media?parent=304320"}],"wp:term":[{"taxonomy":"product_brand","embeddable":true,"href":"https:\/\/www.atta45.se\/e-butik\/wp-json\/wp\/v2\/product_brand?post=304320"},{"taxonomy":"product_cat","embeddable":true,"href":"https:\/\/www.atta45.se\/e-butik\/wp-json\/wp\/v2\/product_cat?post=304320"},{"taxonomy":"product_tag","embeddable":true,"href":"https:\/\/www.atta45.se\/e-butik\/wp-json\/wp\/v2\/product_tag?post=304320"}],"curies":[{"name":"wp","href":"https:\/\/api.w.org\/{rel}","templated":true}]}}