{"id":30432,"date":"2024-12-26T16:57:59","date_gmt":"2024-12-26T15:57:59","guid":{"rendered":"https:\/\/www.atta45.se\/e-butik\/?post_type=product&#038;p=30432"},"modified":"2025-10-28T04:52:47","modified_gmt":"2025-10-28T03:52:47","slug":"polyester-banner-banderoll","status":"publish","type":"product","link":"https:\/\/www.atta45.se\/e-butik\/produkt\/polyester-banner-banderoll\/","title":{"rendered":"Banner Banderoll Polyester"},"content":{"rendered":"<p>Digitaltryckt Banner i 200 g polyester. \u00d6ljetter \u00e4r inkluderade. Kontakta oss g\u00e4rna vid \u00f6nskem\u00e5l om annan storlek.<\/p>\n","protected":false},"excerpt":{"rendered":"<p>Digitaltryckt Banner i 200 g polyester. \u00d6ljetter \u00e4r inkluderade. Kontakta oss g\u00e4rna vid \u00f6nskem\u00e5l om annan storlek.<\/p>\n","protected":false},"featured_media":30433,"template":"","meta":{"_acf_changed":false,"_seopress_robots_primary_cat":"","_seopress_titles_title":"","_seopress_titles_desc":"","_seopress_robots_index":""},"product_brand":[],"product_cat":[15],"product_tag":[],"class_list":{"0":"post-30432","1":"product","2":"type-product","3":"status-publish","4":"has-post-thumbnail","6":"product_cat-okategoriserad","7":"atta45_taxonomy-expo-event-banners-sv","8":"atta45_taxonomy-expo-event-flaggor-sv","10":"first","11":"instock","12":"taxable","13":"shipping-taxable","14":"purchasable","15":"product-type-variable"},"acf":[],"_links":{"self":[{"href":"https:\/\/www.atta45.se\/e-butik\/wp-json\/wp\/v2\/product\/30432","targetHints":{"allow":["GET"]}}],"collection":[{"href":"https:\/\/www.atta45.se\/e-butik\/wp-json\/wp\/v2\/product"}],"about":[{"href":"https:\/\/www.atta45.se\/e-butik\/wp-json\/wp\/v2\/types\/product"}],"wp:featuredmedia":[{"embeddable":true,"href":"https:\/\/www.atta45.se\/e-butik\/wp-json\/wp\/v2\/media\/30433"}],"wp:attachment":[{"href":"https:\/\/www.atta45.se\/e-butik\/wp-json\/wp\/v2\/media?parent=30432"}],"wp:term":[{"taxonomy":"product_brand","embeddable":true,"href":"https:\/\/www.atta45.se\/e-butik\/wp-json\/wp\/v2\/product_brand?post=30432"},{"taxonomy":"product_cat","embeddable":true,"href":"https:\/\/www.atta45.se\/e-butik\/wp-json\/wp\/v2\/product_cat?post=30432"},{"taxonomy":"product_tag","embeddable":true,"href":"https:\/\/www.atta45.se\/e-butik\/wp-json\/wp\/v2\/product_tag?post=30432"}],"curies":[{"name":"wp","href":"https:\/\/api.w.org\/{rel}","templated":true}]}}