{"id":304289,"date":"2025-04-16T22:31:12","date_gmt":"2025-04-16T20:31:12","guid":{"rendered":"https:\/\/www.atta45.se\/e-butik\/produkt\/brandcharger-vortex-vita-vattenflaska\/"},"modified":"2025-10-27T20:51:42","modified_gmt":"2025-10-27T19:51:42","slug":"brandcharger-vortex-vita-vattenflaska","status":"publish","type":"product","link":"https:\/\/www.atta45.se\/e-butik\/produkt\/brandcharger-vortex-vita-vattenflaska\/","title":{"rendered":"BrandCharger Vortex Vita vattenflaska"},"content":{"rendered":"<p>Vortex Vita \u00e4r en f\u00f6rstklassig vakuumreseflaska som blandar lyx med h\u00e5llbarhet, tillverkad av \u00e5tervunnet 304 rostfritt st\u00e5l. Dess eleganta design, l\u00e4ckages\u00e4kra skruvlock och ergonomiska form g\u00f6r den till ett elegant, milj\u00f6medvetet val. Med Coppertech\u00a9-isolering ger den f\u00f6rb\u00e4ttrad prestanda: h\u00e5ller iskalla drycker kalla i upp till 3 dagar, kalla drycker kylda i 48 timmar och varma drycker varma i 24 timmar. Med en bekv\u00e4m kapacitet p\u00e5 500 ml balanserar den funktionalitet och portabilitet perfekt f\u00f6r dem som \u00e4r p\u00e5 spr\u00e5ng. Lockets b\u00e4r\u00f6gla ger bekv\u00e4m b\u00e4rbarhet. Vortex Vita \u00e4r byggd med precision av rostfritt st\u00e5l av livsmedelskvalitet och erbjuder best\u00e5ende kvalitet &#8211; ett elegant uttryck f\u00f6r stil och milj\u00f6engagemang.<\/p>\n","protected":false},"excerpt":{"rendered":"<p>Vortex Vita \u00e4r en f\u00f6rstklassig vakuumreseflaska som blandar lyx med h\u00e5llbarhet, tillverkad av \u00e5tervunnet 304 rostfritt st\u00e5l. Dess eleganta design, l\u00e4ckages\u00e4kra skruvlock och ergonomiska form g\u00f6r den till ett elegant, milj\u00f6medvetet val. Med Coppertech\u00a9-isolering ger den f\u00f6rb\u00e4ttrad prestanda: h\u00e5ller iskalla drycker kalla i upp till 3 dagar, kalla drycker kylda i 48 timmar och varma [&hellip;]<\/p>\n","protected":false},"featured_media":304290,"template":"","meta":{"_acf_changed":false,"_seopress_robots_primary_cat":"","_seopress_titles_title":"","_seopress_titles_desc":"","_seopress_robots_index":""},"product_brand":[],"product_cat":[15],"product_tag":[],"class_list":{"0":"post-304289","1":"product","2":"type-product","3":"status-publish","4":"has-post-thumbnail","6":"product_cat-okategoriserad","7":"atta45_taxonomy-flaskor-sv","8":"atta45_taxonomy-tema-inspiration-utvalda-produkter-nyheter-sv","9":"atta45_taxonomy-nyheter-sv","10":"atta45_taxonomy-tema-inspiration-varumarken-sv","11":"atta45_taxonomy-fritid-vattenflaskor-sv","13":"first","14":"instock","15":"taxable","16":"shipping-taxable","17":"purchasable","18":"product-type-variable"},"acf":[],"_links":{"self":[{"href":"https:\/\/www.atta45.se\/e-butik\/wp-json\/wp\/v2\/product\/304289","targetHints":{"allow":["GET"]}}],"collection":[{"href":"https:\/\/www.atta45.se\/e-butik\/wp-json\/wp\/v2\/product"}],"about":[{"href":"https:\/\/www.atta45.se\/e-butik\/wp-json\/wp\/v2\/types\/product"}],"wp:featuredmedia":[{"embeddable":true,"href":"https:\/\/www.atta45.se\/e-butik\/wp-json\/wp\/v2\/media\/304290"}],"wp:attachment":[{"href":"https:\/\/www.atta45.se\/e-butik\/wp-json\/wp\/v2\/media?parent=304289"}],"wp:term":[{"taxonomy":"product_brand","embeddable":true,"href":"https:\/\/www.atta45.se\/e-butik\/wp-json\/wp\/v2\/product_brand?post=304289"},{"taxonomy":"product_cat","embeddable":true,"href":"https:\/\/www.atta45.se\/e-butik\/wp-json\/wp\/v2\/product_cat?post=304289"},{"taxonomy":"product_tag","embeddable":true,"href":"https:\/\/www.atta45.se\/e-butik\/wp-json\/wp\/v2\/product_tag?post=304289"}],"curies":[{"name":"wp","href":"https:\/\/api.w.org\/{rel}","templated":true}]}}