{"id":304278,"date":"2025-04-16T22:30:14","date_gmt":"2025-04-16T20:30:14","guid":{"rendered":"https:\/\/www.atta45.se\/e-butik\/produkt\/brandcharger-vortex-calix-xl-resemugg\/"},"modified":"2025-10-27T20:51:07","modified_gmt":"2025-10-27T19:51:07","slug":"brandcharger-vortex-calix-xl-resemugg","status":"publish","type":"product","link":"https:\/\/www.atta45.se\/e-butik\/produkt\/brandcharger-vortex-calix-xl-resemugg\/","title":{"rendered":"BrandCharger Vortex Calix XL resemugg"},"content":{"rendered":"<p>Vortex Calix XL resemugg f\u00f6renar lyx med h\u00e5llbarhet, tillverkad av \u00e5tervunnet 304 rostfritt st\u00e5l som ett milj\u00f6medvetet stiluttalande. L\u00e4ckages\u00e4kert skruvlock och en b\u00e4r\u00f6gla f\u00f6r att f\u00e4sta ett valfritt crossbody-b\u00e4lte, vilket ger handsfree-bekv\u00e4mlighet n\u00e4r du \u00e4r p\u00e5 spr\u00e5ng. Utrustad med Coppertech\u00a9 dubbelv\u00e4ggisolering, denna 500 ml tumlare h\u00e5ller drycker kalla i upp till 12 timmar eller varma i 4 timmar. Perfekt f\u00f6r stads- eller utomhus\u00e4ventyr, Vortex Calix XL t\u00e5l maskindisk och kombinerar h\u00e5llbarhet med varaktig temperaturkontroll.<\/p>\n","protected":false},"excerpt":{"rendered":"<p>Vortex Calix XL resemugg f\u00f6renar lyx med h\u00e5llbarhet, tillverkad av \u00e5tervunnet 304 rostfritt st\u00e5l som ett milj\u00f6medvetet stiluttalande. L\u00e4ckages\u00e4kert skruvlock och en b\u00e4r\u00f6gla f\u00f6r att f\u00e4sta ett valfritt crossbody-b\u00e4lte, vilket ger handsfree-bekv\u00e4mlighet n\u00e4r du \u00e4r p\u00e5 spr\u00e5ng. Utrustad med Coppertech\u00a9 dubbelv\u00e4ggisolering, denna 500 ml tumlare h\u00e5ller drycker kalla i upp till 12 timmar eller varma [&hellip;]<\/p>\n","protected":false},"featured_media":304279,"template":"","meta":{"_acf_changed":false,"_seopress_robots_primary_cat":"","_seopress_titles_title":"","_seopress_titles_desc":"","_seopress_robots_index":""},"product_brand":[],"product_cat":[15],"product_tag":[],"class_list":{"0":"post-304278","1":"product","2":"type-product","3":"status-publish","4":"has-post-thumbnail","6":"product_cat-okategoriserad","7":"atta45_taxonomy-flaskor-sv","8":"atta45_taxonomy-nyheter-sv","9":"atta45_taxonomy-tema-inspiration-utvalda-produkter-nyheter-sv","10":"atta45_taxonomy-tema-inspiration-varumarken-sv","11":"atta45_taxonomy-fritid-vattenflaskor-sv","13":"first","14":"instock","15":"taxable","16":"shipping-taxable","17":"purchasable","18":"product-type-variable"},"acf":[],"_links":{"self":[{"href":"https:\/\/www.atta45.se\/e-butik\/wp-json\/wp\/v2\/product\/304278","targetHints":{"allow":["GET"]}}],"collection":[{"href":"https:\/\/www.atta45.se\/e-butik\/wp-json\/wp\/v2\/product"}],"about":[{"href":"https:\/\/www.atta45.se\/e-butik\/wp-json\/wp\/v2\/types\/product"}],"wp:featuredmedia":[{"embeddable":true,"href":"https:\/\/www.atta45.se\/e-butik\/wp-json\/wp\/v2\/media\/304279"}],"wp:attachment":[{"href":"https:\/\/www.atta45.se\/e-butik\/wp-json\/wp\/v2\/media?parent=304278"}],"wp:term":[{"taxonomy":"product_brand","embeddable":true,"href":"https:\/\/www.atta45.se\/e-butik\/wp-json\/wp\/v2\/product_brand?post=304278"},{"taxonomy":"product_cat","embeddable":true,"href":"https:\/\/www.atta45.se\/e-butik\/wp-json\/wp\/v2\/product_cat?post=304278"},{"taxonomy":"product_tag","embeddable":true,"href":"https:\/\/www.atta45.se\/e-butik\/wp-json\/wp\/v2\/product_tag?post=304278"}],"curies":[{"name":"wp","href":"https:\/\/api.w.org\/{rel}","templated":true}]}}