{"id":304267,"date":"2025-04-16T22:28:13","date_gmt":"2025-04-16T20:28:13","guid":{"rendered":"https:\/\/www.atta45.se\/e-butik\/produkt\/brandcharger-vortex-calix-resemugg\/"},"modified":"2025-10-27T20:50:51","modified_gmt":"2025-10-27T19:50:51","slug":"brandcharger-vortex-calix-resemugg","status":"publish","type":"product","link":"https:\/\/www.atta45.se\/e-butik\/produkt\/brandcharger-vortex-calix-resemugg\/","title":{"rendered":"BrandCharger Vortex Calix resemugg"},"content":{"rendered":"<p>Vortex Calix resemugg kombinerar lyx och h\u00e5llbarhet, tillverkad av \u00e5tervunnet 304 rostfritt st\u00e5l som ett uttryck f\u00f6r milj\u00f6medveten stil. Med l\u00e4ckages\u00e4kert skruvlock, \u00e4r den designad f\u00f6r att hantera skummande drycker med l\u00e4tthet, och locket inkluderar en b\u00e4r\u00f6gla f\u00f6r att f\u00e4sta ett valfritt crossbody-b\u00e4lte, vilket g\u00f6r det till ett bekv\u00e4mt handsfree-alternativ. Med Coppertech\u00a9 dubbelv\u00e4ggsisolering h\u00e5ller denna 400 ml tumlare drycker kalla i upp till 12 timmar eller varma i 4 timmar. Vortex Calix \u00e4r slitstarkt och t\u00e5l diskmaskin och erbjuder b\u00e5de funktionalitet och varaktig temperaturkontroll f\u00f6r dina drycker.<\/p>\n","protected":false},"excerpt":{"rendered":"<p>Vortex Calix resemugg kombinerar lyx och h\u00e5llbarhet, tillverkad av \u00e5tervunnet 304 rostfritt st\u00e5l som ett uttryck f\u00f6r milj\u00f6medveten stil. Med l\u00e4ckages\u00e4kert skruvlock, \u00e4r den designad f\u00f6r att hantera skummande drycker med l\u00e4tthet, och locket inkluderar en b\u00e4r\u00f6gla f\u00f6r att f\u00e4sta ett valfritt crossbody-b\u00e4lte, vilket g\u00f6r det till ett bekv\u00e4mt handsfree-alternativ. Med Coppertech\u00a9 dubbelv\u00e4ggsisolering h\u00e5ller denna [&hellip;]<\/p>\n","protected":false},"featured_media":304268,"template":"","meta":{"_acf_changed":false,"_seopress_robots_primary_cat":"","_seopress_titles_title":"","_seopress_titles_desc":"","_seopress_robots_index":""},"product_brand":[],"product_cat":[15],"product_tag":[],"class_list":{"0":"post-304267","1":"product","2":"type-product","3":"status-publish","4":"has-post-thumbnail","6":"product_cat-okategoriserad","7":"atta45_taxonomy-nyheter-sv","8":"atta45_taxonomy-tema-inspiration-utvalda-produkter-nyheter-sv","9":"atta45_taxonomy-tema-inspiration-varumarken-sv","11":"first","12":"instock","13":"taxable","14":"shipping-taxable","15":"purchasable","16":"product-type-variable"},"acf":[],"_links":{"self":[{"href":"https:\/\/www.atta45.se\/e-butik\/wp-json\/wp\/v2\/product\/304267","targetHints":{"allow":["GET"]}}],"collection":[{"href":"https:\/\/www.atta45.se\/e-butik\/wp-json\/wp\/v2\/product"}],"about":[{"href":"https:\/\/www.atta45.se\/e-butik\/wp-json\/wp\/v2\/types\/product"}],"wp:featuredmedia":[{"embeddable":true,"href":"https:\/\/www.atta45.se\/e-butik\/wp-json\/wp\/v2\/media\/304268"}],"wp:attachment":[{"href":"https:\/\/www.atta45.se\/e-butik\/wp-json\/wp\/v2\/media?parent=304267"}],"wp:term":[{"taxonomy":"product_brand","embeddable":true,"href":"https:\/\/www.atta45.se\/e-butik\/wp-json\/wp\/v2\/product_brand?post=304267"},{"taxonomy":"product_cat","embeddable":true,"href":"https:\/\/www.atta45.se\/e-butik\/wp-json\/wp\/v2\/product_cat?post=304267"},{"taxonomy":"product_tag","embeddable":true,"href":"https:\/\/www.atta45.se\/e-butik\/wp-json\/wp\/v2\/product_tag?post=304267"}],"curies":[{"name":"wp","href":"https:\/\/api.w.org\/{rel}","templated":true}]}}