{"id":304254,"date":"2025-04-16T22:27:14","date_gmt":"2025-04-16T20:27:14","guid":{"rendered":"https:\/\/www.atta45.se\/e-butik\/produkt\/brandcharger-vortex-calix-ceramica-resemugg\/"},"modified":"2025-10-27T20:50:35","modified_gmt":"2025-10-27T19:50:35","slug":"brandcharger-vortex-calix-ceramica-resemugg","status":"publish","type":"product","link":"https:\/\/www.atta45.se\/e-butik\/produkt\/brandcharger-vortex-calix-ceramica-resemugg\/","title":{"rendered":"Resemugg BrandCharger Vortex Calix Ceramica"},"content":{"rendered":"<p>Vortex Calix Ceramica resemugg \u00e4r tillverkad av \u00e5tervunnet rostfritt st\u00e5l med en keramisk bel\u00e4ggning som blandar eko-lyx och funktionalitet. Dess keramiska interi\u00f6r s\u00e4kerst\u00e4ller de renaste smakerna f\u00f6r ditt kaffe och te, samtidigt som den \u00e4r luktfri, h\u00e5llbar och l\u00e4tt att reng\u00f6ra. Muggen p\u00e5 400 ml erbjuder b\u00e5de kvalitet och milj\u00f6h\u00e4nsyn. Det skruvbara, l\u00e4ckages\u00e4kra locket rymmer skummande drycker och har en b\u00e4r\u00f6gla f\u00f6r extra bekv\u00e4mlighet. Detta g\u00f6r det m\u00f6jligt att f\u00e4sta p\u00e5 ett b\u00e4lte f\u00f6r en handsfree-upplevelse, vilket g\u00f6r det till en perfekt f\u00f6ljeslagare f\u00f6r milj\u00f6medvetna individer.<\/p>\n","protected":false},"excerpt":{"rendered":"<p>Vortex Calix Ceramica resemugg \u00e4r tillverkad av \u00e5tervunnet rostfritt st\u00e5l med en keramisk bel\u00e4ggning som blandar eko-lyx och funktionalitet. Dess keramiska interi\u00f6r s\u00e4kerst\u00e4ller de renaste smakerna f\u00f6r ditt kaffe och te, samtidigt som den \u00e4r luktfri, h\u00e5llbar och l\u00e4tt att reng\u00f6ra. Muggen p\u00e5 400 ml erbjuder b\u00e5de kvalitet och milj\u00f6h\u00e4nsyn. Det skruvbara, l\u00e4ckages\u00e4kra locket rymmer [&hellip;]<\/p>\n","protected":false},"featured_media":304255,"template":"","meta":{"_acf_changed":false,"_seopress_robots_primary_cat":"","_seopress_titles_title":"","_seopress_titles_desc":"","_seopress_robots_index":""},"product_brand":[],"product_cat":[15],"product_tag":[],"class_list":{"0":"post-304254","1":"product","2":"type-product","3":"status-publish","4":"has-post-thumbnail","6":"product_cat-okategoriserad","7":"atta45_taxonomy-nyheter-sv","8":"atta45_taxonomy-tema-inspiration-utvalda-produkter-nyheter-sv","9":"atta45_taxonomy-tema-inspiration-varumarken-sv","11":"first","12":"instock","13":"taxable","14":"shipping-taxable","15":"purchasable","16":"product-type-variable"},"acf":[],"_links":{"self":[{"href":"https:\/\/www.atta45.se\/e-butik\/wp-json\/wp\/v2\/product\/304254","targetHints":{"allow":["GET"]}}],"collection":[{"href":"https:\/\/www.atta45.se\/e-butik\/wp-json\/wp\/v2\/product"}],"about":[{"href":"https:\/\/www.atta45.se\/e-butik\/wp-json\/wp\/v2\/types\/product"}],"wp:featuredmedia":[{"embeddable":true,"href":"https:\/\/www.atta45.se\/e-butik\/wp-json\/wp\/v2\/media\/304255"}],"wp:attachment":[{"href":"https:\/\/www.atta45.se\/e-butik\/wp-json\/wp\/v2\/media?parent=304254"}],"wp:term":[{"taxonomy":"product_brand","embeddable":true,"href":"https:\/\/www.atta45.se\/e-butik\/wp-json\/wp\/v2\/product_brand?post=304254"},{"taxonomy":"product_cat","embeddable":true,"href":"https:\/\/www.atta45.se\/e-butik\/wp-json\/wp\/v2\/product_cat?post=304254"},{"taxonomy":"product_tag","embeddable":true,"href":"https:\/\/www.atta45.se\/e-butik\/wp-json\/wp\/v2\/product_tag?post=304254"}],"curies":[{"name":"wp","href":"https:\/\/api.w.org\/{rel}","templated":true}]}}