{"id":304245,"date":"2025-04-16T22:26:14","date_gmt":"2025-04-16T20:26:14","guid":{"rendered":"https:\/\/www.atta45.se\/e-butik\/produkt\/brandcharger-wally-porto-kort-planbok\/"},"modified":"2025-10-27T20:50:19","modified_gmt":"2025-10-27T19:50:19","slug":"brandcharger-wally-porto-kort-planbok","status":"publish","type":"product","link":"https:\/\/www.atta45.se\/e-butik\/produkt\/brandcharger-wally-porto-kort-planbok\/","title":{"rendered":"BrandCharger Wally Porto kort pl\u00e5nbok"},"content":{"rendered":"<p>Wally \u00e4r en minimalistisk kortpl\u00e5nbok designad f\u00f6r att s\u00e4kert lagra upp till 9 kort. Den har integrerad RFID-skyddsteknik som skyddar din personliga information. Wally \u00e4r tillverkad med en aluminiumgrund som f\u00f6rhindrar att den b\u00f6js och g\u00e5r s\u00f6nder, samtidigt som den \u00e4r tillr\u00e4ckligt kompakt f\u00f6r att passa i vilken ficka som helst. I takt med att digitala betalningsmetoder som Paywave, Apple Pay och Samsung Pay blir allt vanligare \u00e4r Wally den enda pl\u00e5nboken du beh\u00f6ver. Dess kortutmatningsutl\u00f6sare s\u00e4kerst\u00e4ller snabb \u00e5tkomst, och den kommer snyggt f\u00f6rpackad i en kartong, vilket g\u00f6r den b\u00e5de praktisk och snygg.<\/p>\n","protected":false},"excerpt":{"rendered":"<p>Wally \u00e4r en minimalistisk kortpl\u00e5nbok designad f\u00f6r att s\u00e4kert lagra upp till 9 kort. Den har integrerad RFID-skyddsteknik som skyddar din personliga information. Wally \u00e4r tillverkad med en aluminiumgrund som f\u00f6rhindrar att den b\u00f6js och g\u00e5r s\u00f6nder, samtidigt som den \u00e4r tillr\u00e4ckligt kompakt f\u00f6r att passa i vilken ficka som helst. I takt med att [&hellip;]<\/p>\n","protected":false},"featured_media":304246,"template":"","meta":{"_acf_changed":false,"_seopress_robots_primary_cat":"","_seopress_titles_title":"","_seopress_titles_desc":"","_seopress_robots_index":""},"product_brand":[],"product_cat":[15],"product_tag":[],"class_list":{"0":"post-304245","1":"product","2":"type-product","3":"status-publish","4":"has-post-thumbnail","6":"product_cat-okategoriserad","7":"atta45_taxonomy-tema-inspiration-utvalda-produkter-nyheter-sv","8":"atta45_taxonomy-nyheter-sv","9":"atta45_taxonomy-tema-inspiration-varumarken-sv","10":"atta45_taxonomy-elektronik-kontor-visitkortsfodral-sv","12":"first","13":"instock","14":"taxable","15":"shipping-taxable","16":"purchasable","17":"product-type-variable"},"acf":[],"_links":{"self":[{"href":"https:\/\/www.atta45.se\/e-butik\/wp-json\/wp\/v2\/product\/304245","targetHints":{"allow":["GET"]}}],"collection":[{"href":"https:\/\/www.atta45.se\/e-butik\/wp-json\/wp\/v2\/product"}],"about":[{"href":"https:\/\/www.atta45.se\/e-butik\/wp-json\/wp\/v2\/types\/product"}],"wp:featuredmedia":[{"embeddable":true,"href":"https:\/\/www.atta45.se\/e-butik\/wp-json\/wp\/v2\/media\/304246"}],"wp:attachment":[{"href":"https:\/\/www.atta45.se\/e-butik\/wp-json\/wp\/v2\/media?parent=304245"}],"wp:term":[{"taxonomy":"product_brand","embeddable":true,"href":"https:\/\/www.atta45.se\/e-butik\/wp-json\/wp\/v2\/product_brand?post=304245"},{"taxonomy":"product_cat","embeddable":true,"href":"https:\/\/www.atta45.se\/e-butik\/wp-json\/wp\/v2\/product_cat?post=304245"},{"taxonomy":"product_tag","embeddable":true,"href":"https:\/\/www.atta45.se\/e-butik\/wp-json\/wp\/v2\/product_tag?post=304245"}],"curies":[{"name":"wp","href":"https:\/\/api.w.org\/{rel}","templated":true}]}}