{"id":304234,"date":"2025-04-16T22:25:15","date_gmt":"2025-04-16T20:25:15","guid":{"rendered":"https:\/\/www.atta45.se\/e-butik\/produkt\/brandcharger-crosspack-axelremsvaska\/"},"modified":"2025-10-27T20:50:00","modified_gmt":"2025-10-27T19:50:00","slug":"brandcharger-crosspack-axelremsvaska","status":"publish","type":"product","link":"https:\/\/www.atta45.se\/e-butik\/produkt\/brandcharger-crosspack-axelremsvaska\/","title":{"rendered":"BrandCharger Crosspack axelremsv\u00e4ska"},"content":{"rendered":"<p>Crosspack \u00e4r en st\u00f6lds\u00e4ker axelv\u00e4ska designad f\u00f6r moderna nomader. Den \u00e4r tillverkad av slitstarkt, sk\u00e4rbest\u00e4ndigt Cordura-tyg och kombinerar urban estetik med funktionalitet. Dess tuffa vadderade konstruktion och smarta fickor h\u00e5ller dina tillh\u00f6righeter organiserade och s\u00e4kra, med RFID-skydd f\u00f6r \u00f6kad s\u00e4kerhet. 3-punkts st\u00f6ldskyddssp\u00e4nne ger sinnesro, s\u00e5 att du kan fokusera p\u00e5 din omgivning snarare \u00e4n p\u00e5 din v\u00e4ska. Den \u00e4r tillverkad av vatten- och smutsavvisande \u00e5tervunnet PET-tyg och erbjuder komfort och skydd f\u00f6r vardagsbruk eller resor.<\/p>\n","protected":false},"excerpt":{"rendered":"<p>Crosspack \u00e4r en st\u00f6lds\u00e4ker axelv\u00e4ska designad f\u00f6r moderna nomader. Den \u00e4r tillverkad av slitstarkt, sk\u00e4rbest\u00e4ndigt Cordura-tyg och kombinerar urban estetik med funktionalitet. Dess tuffa vadderade konstruktion och smarta fickor h\u00e5ller dina tillh\u00f6righeter organiserade och s\u00e4kra, med RFID-skydd f\u00f6r \u00f6kad s\u00e4kerhet. 3-punkts st\u00f6ldskyddssp\u00e4nne ger sinnesro, s\u00e5 att du kan fokusera p\u00e5 din omgivning snarare \u00e4n p\u00e5 [&hellip;]<\/p>\n","protected":false},"featured_media":304235,"template":"","meta":{"_acf_changed":false,"_seopress_robots_primary_cat":"","_seopress_titles_title":"","_seopress_titles_desc":"","_seopress_robots_index":""},"product_brand":[],"product_cat":[15],"product_tag":[],"class_list":{"0":"post-304234","1":"product","2":"type-product","3":"status-publish","4":"has-post-thumbnail","6":"product_cat-okategoriserad","7":"atta45_taxonomy-vaskor-resetillbehor-midjevaska-sv","8":"atta45_taxonomy-nyheter-sv","9":"atta45_taxonomy-tema-inspiration-utvalda-produkter-nyheter-sv","10":"atta45_taxonomy-tema-inspiration-varumarken-sv","11":"atta45_taxonomy-vaskor-resetillbehor-sv","13":"first","14":"instock","15":"taxable","16":"shipping-taxable","17":"purchasable","18":"product-type-variable"},"acf":[],"_links":{"self":[{"href":"https:\/\/www.atta45.se\/e-butik\/wp-json\/wp\/v2\/product\/304234","targetHints":{"allow":["GET"]}}],"collection":[{"href":"https:\/\/www.atta45.se\/e-butik\/wp-json\/wp\/v2\/product"}],"about":[{"href":"https:\/\/www.atta45.se\/e-butik\/wp-json\/wp\/v2\/types\/product"}],"wp:featuredmedia":[{"embeddable":true,"href":"https:\/\/www.atta45.se\/e-butik\/wp-json\/wp\/v2\/media\/304235"}],"wp:attachment":[{"href":"https:\/\/www.atta45.se\/e-butik\/wp-json\/wp\/v2\/media?parent=304234"}],"wp:term":[{"taxonomy":"product_brand","embeddable":true,"href":"https:\/\/www.atta45.se\/e-butik\/wp-json\/wp\/v2\/product_brand?post=304234"},{"taxonomy":"product_cat","embeddable":true,"href":"https:\/\/www.atta45.se\/e-butik\/wp-json\/wp\/v2\/product_cat?post=304234"},{"taxonomy":"product_tag","embeddable":true,"href":"https:\/\/www.atta45.se\/e-butik\/wp-json\/wp\/v2\/product_tag?post=304234"}],"curies":[{"name":"wp","href":"https:\/\/api.w.org\/{rel}","templated":true}]}}