{"id":304203,"date":"2025-04-16T22:21:15","date_gmt":"2025-04-16T20:21:15","guid":{"rendered":"https:\/\/www.atta45.se\/e-butik\/produkt\/brandcharger-solo-crossbody-vaska\/"},"modified":"2025-10-27T20:48:40","modified_gmt":"2025-10-27T19:48:40","slug":"brandcharger-solo-crossbody-vaska","status":"publish","type":"product","link":"https:\/\/www.atta45.se\/e-butik\/produkt\/brandcharger-solo-crossbody-vaska\/","title":{"rendered":"BrandCharger Solo crossbody-v\u00e4ska"},"content":{"rendered":"<p>Solo crossbody-v\u00e4skan v \u00e5tervunna PET-flaskor, \u00e4r perfekt f\u00f6r dagligt bruk. Kompakt och l\u00e4tt, designad f\u00f6r att rymma alla v\u00e4sentligheter, vilket eliminerar behovet av \u00f6verfyllda fickor. Dess magnetiska blixtl\u00e5smekanism g\u00f6r det enkelt att \u00f6ppna och st\u00e4nga v\u00e4skan. Med fack f\u00f6r telefon, pl\u00e5nbok och nycklar h\u00e5ller Solo-v\u00e4skan allt organiserat. Den justerbara b\u00e4r\u00f6glan erbjuder m\u00e5ngsidighet, och dess vatten- och smutsavvisande tyg s\u00e4kerst\u00e4ller h\u00e5llbarhet f\u00f6r vardags\u00e4ventyr.<\/p>\n","protected":false},"excerpt":{"rendered":"<p>Solo crossbody-v\u00e4skan v \u00e5tervunna PET-flaskor, \u00e4r perfekt f\u00f6r dagligt bruk. Kompakt och l\u00e4tt, designad f\u00f6r att rymma alla v\u00e4sentligheter, vilket eliminerar behovet av \u00f6verfyllda fickor. Dess magnetiska blixtl\u00e5smekanism g\u00f6r det enkelt att \u00f6ppna och st\u00e4nga v\u00e4skan. Med fack f\u00f6r telefon, pl\u00e5nbok och nycklar h\u00e5ller Solo-v\u00e4skan allt organiserat. Den justerbara b\u00e4r\u00f6glan erbjuder m\u00e5ngsidighet, och dess vatten- [&hellip;]<\/p>\n","protected":false},"featured_media":304204,"template":"","meta":{"_acf_changed":false,"_seopress_robots_primary_cat":"","_seopress_titles_title":"","_seopress_titles_desc":"","_seopress_robots_index":""},"product_brand":[],"product_cat":[15],"product_tag":[],"class_list":{"0":"post-304203","1":"product","2":"type-product","3":"status-publish","4":"has-post-thumbnail","6":"product_cat-okategoriserad","7":"atta45_taxonomy-nyheter-sv","8":"atta45_taxonomy-tema-inspiration-utvalda-produkter-nyheter-sv","9":"atta45_taxonomy-vaskor-resetillbehor-ryggsackar-axelremsvaskor-sv","10":"atta45_taxonomy-tema-inspiration-varumarken-sv","11":"atta45_taxonomy-textil-vaskor-bagar-sv","12":"atta45_taxonomy-vaskor-resetillbehor-sv","14":"first","15":"instock","16":"taxable","17":"shipping-taxable","18":"purchasable","19":"product-type-variable"},"acf":[],"_links":{"self":[{"href":"https:\/\/www.atta45.se\/e-butik\/wp-json\/wp\/v2\/product\/304203","targetHints":{"allow":["GET"]}}],"collection":[{"href":"https:\/\/www.atta45.se\/e-butik\/wp-json\/wp\/v2\/product"}],"about":[{"href":"https:\/\/www.atta45.se\/e-butik\/wp-json\/wp\/v2\/types\/product"}],"wp:featuredmedia":[{"embeddable":true,"href":"https:\/\/www.atta45.se\/e-butik\/wp-json\/wp\/v2\/media\/304204"}],"wp:attachment":[{"href":"https:\/\/www.atta45.se\/e-butik\/wp-json\/wp\/v2\/media?parent=304203"}],"wp:term":[{"taxonomy":"product_brand","embeddable":true,"href":"https:\/\/www.atta45.se\/e-butik\/wp-json\/wp\/v2\/product_brand?post=304203"},{"taxonomy":"product_cat","embeddable":true,"href":"https:\/\/www.atta45.se\/e-butik\/wp-json\/wp\/v2\/product_cat?post=304203"},{"taxonomy":"product_tag","embeddable":true,"href":"https:\/\/www.atta45.se\/e-butik\/wp-json\/wp\/v2\/product_tag?post=304203"}],"curies":[{"name":"wp","href":"https:\/\/api.w.org\/{rel}","templated":true}]}}