{"id":304192,"date":"2025-04-16T22:20:14","date_gmt":"2025-04-16T20:20:14","guid":{"rendered":"https:\/\/www.atta45.se\/e-butik\/produkt\/brandcharger-styllo-2-rollerball\/"},"modified":"2025-10-27T20:48:21","modified_gmt":"2025-10-27T19:48:21","slug":"brandcharger-styllo-2-rollerball","status":"publish","type":"product","link":"https:\/\/www.atta45.se\/e-butik\/produkt\/brandcharger-styllo-2-rollerball\/","title":{"rendered":"BrandCharger Styllo 2 rollerball"},"content":{"rendered":"<p>Styllo 2 \u00e4r den perfekta pennan f\u00f6r \u00f6verg\u00e5ngen mellan digitala och analoga uppgifter. Med en enkel twist f\u00f6rvandlas den fr\u00e5n en sl\u00e4t rollerballpenna f\u00f6r papper till en kapacitiv n\u00e4tpenna eller precisionsskivpenna f\u00f6r peksk\u00e4rmsanv\u00e4ndning, perfekt f\u00f6r kreativa proffs. Dess solida aluminiumkropp s\u00e4kerst\u00e4ller b\u00e4rbarhet och ett elegant, professionellt utseende. Styllo \u00e4r kompatibel med alla peksk\u00e4rmsenheter, kr\u00e4ver inga batterier och \u00e4r alltid redo att anv\u00e4ndas. Den kommer f\u00f6rpackad i en svart pappersl\u00e5da med ett pappersfack, vilket kombinerar funktionalitet med milj\u00f6v\u00e4nlig f\u00f6rpackning.<\/p>\n","protected":false},"excerpt":{"rendered":"<p>Styllo 2 \u00e4r den perfekta pennan f\u00f6r \u00f6verg\u00e5ngen mellan digitala och analoga uppgifter. Med en enkel twist f\u00f6rvandlas den fr\u00e5n en sl\u00e4t rollerballpenna f\u00f6r papper till en kapacitiv n\u00e4tpenna eller precisionsskivpenna f\u00f6r peksk\u00e4rmsanv\u00e4ndning, perfekt f\u00f6r kreativa proffs. Dess solida aluminiumkropp s\u00e4kerst\u00e4ller b\u00e4rbarhet och ett elegant, professionellt utseende. Styllo \u00e4r kompatibel med alla peksk\u00e4rmsenheter, kr\u00e4ver inga [&hellip;]<\/p>\n","protected":false},"featured_media":304193,"template":"","meta":{"_acf_changed":false,"_seopress_robots_primary_cat":"","_seopress_titles_title":"","_seopress_titles_desc":"","_seopress_robots_index":""},"product_brand":[],"product_cat":[15],"product_tag":[],"class_list":{"0":"post-304192","1":"product","2":"type-product","3":"status-publish","4":"has-post-thumbnail","6":"product_cat-okategoriserad","7":"atta45_taxonomy-nyheter-sv","8":"atta45_taxonomy-tema-inspiration-utvalda-produkter-nyheter-sv","9":"atta45_taxonomy-elektronik-kontor-pennor-sv","10":"atta45_taxonomy-pennor-sv","11":"atta45_taxonomy-pennor-pennor-sv","12":"atta45_taxonomy-elektronik-kontor-stylus-touchscreen-sv","13":"atta45_taxonomy-pennor-stylus-touchscreen-sv","14":"atta45_taxonomy-tema-inspiration-varumarken-sv","16":"first","17":"instock","18":"taxable","19":"shipping-taxable","20":"purchasable","21":"product-type-variable"},"acf":[],"_links":{"self":[{"href":"https:\/\/www.atta45.se\/e-butik\/wp-json\/wp\/v2\/product\/304192","targetHints":{"allow":["GET"]}}],"collection":[{"href":"https:\/\/www.atta45.se\/e-butik\/wp-json\/wp\/v2\/product"}],"about":[{"href":"https:\/\/www.atta45.se\/e-butik\/wp-json\/wp\/v2\/types\/product"}],"wp:featuredmedia":[{"embeddable":true,"href":"https:\/\/www.atta45.se\/e-butik\/wp-json\/wp\/v2\/media\/304193"}],"wp:attachment":[{"href":"https:\/\/www.atta45.se\/e-butik\/wp-json\/wp\/v2\/media?parent=304192"}],"wp:term":[{"taxonomy":"product_brand","embeddable":true,"href":"https:\/\/www.atta45.se\/e-butik\/wp-json\/wp\/v2\/product_brand?post=304192"},{"taxonomy":"product_cat","embeddable":true,"href":"https:\/\/www.atta45.se\/e-butik\/wp-json\/wp\/v2\/product_cat?post=304192"},{"taxonomy":"product_tag","embeddable":true,"href":"https:\/\/www.atta45.se\/e-butik\/wp-json\/wp\/v2\/product_tag?post=304192"}],"curies":[{"name":"wp","href":"https:\/\/api.w.org\/{rel}","templated":true}]}}