{"id":304126,"date":"2025-04-16T22:13:15","date_gmt":"2025-04-16T20:13:15","guid":{"rendered":"https:\/\/www.atta45.se\/e-butik\/produkt\/brandcharger-spectre-hybrid-16-laptopvaska\/"},"modified":"2025-10-27T20:46:15","modified_gmt":"2025-10-27T19:46:15","slug":"brandcharger-spectre-hybrid-16-laptopvaska","status":"publish","type":"product","link":"https:\/\/www.atta45.se\/e-butik\/produkt\/brandcharger-spectre-hybrid-16-laptopvaska\/","title":{"rendered":"BrandCharger Spectre Hybrid 16&#8243; laptopv\u00e4ska"},"content":{"rendered":"<p>En minimalistisk, professionell laptopv\u00e4ska av h\u00f6gkvalitativa material med en modern look. Inuti finns ett vadderat fack f\u00f6r upp till en 16-tums b\u00e4rbar dator, inklusive en ytterficka och dolt fack f\u00f6r snabb \u00e5tkomst. Spectre \u00e4r tillverkad av vatten- och smutsavvisande \u00e5tervunnet PET-touringtyg och erbjuder b\u00e5de stil och h\u00e5llbarhet f\u00f6r dagligt bruk. V\u00e4skan kan b\u00e4ras p\u00e5 tv\u00e5 s\u00e4tt, som ryggs\u00e4ck eller v\u00e4ska. Bakpanelen h\u00e5ller de dolda remmarna som f\u00f6rvandlar v\u00e4skan till en ryggs\u00e4ck.<\/p>\n","protected":false},"excerpt":{"rendered":"<p>En minimalistisk, professionell laptopv\u00e4ska av h\u00f6gkvalitativa material med en modern look. Inuti finns ett vadderat fack f\u00f6r upp till en 16-tums b\u00e4rbar dator, inklusive en ytterficka och dolt fack f\u00f6r snabb \u00e5tkomst. Spectre \u00e4r tillverkad av vatten- och smutsavvisande \u00e5tervunnet PET-touringtyg och erbjuder b\u00e5de stil och h\u00e5llbarhet f\u00f6r dagligt bruk. V\u00e4skan kan b\u00e4ras p\u00e5 tv\u00e5 [&hellip;]<\/p>\n","protected":false},"featured_media":304127,"template":"","meta":{"_acf_changed":false,"_seopress_robots_primary_cat":"","_seopress_titles_title":"","_seopress_titles_desc":"","_seopress_robots_index":""},"product_brand":[],"product_cat":[15],"product_tag":[],"class_list":{"0":"post-304126","1":"product","2":"type-product","3":"status-publish","4":"has-post-thumbnail","6":"product_cat-okategoriserad","7":"atta45_taxonomy-elektronik-kontor-datortillbehor-sv","8":"atta45_taxonomy-textil-kontor-foretag-sv","9":"atta45_taxonomy-vaskor-resetillbehor-laptopvaskor-sv","10":"atta45_taxonomy-tema-inspiration-utvalda-produkter-nyheter-sv","11":"atta45_taxonomy-nyheter-sv","12":"atta45_taxonomy-elektronik-kontor-portfoljer-sv","13":"atta45_taxonomy-tema-inspiration-varumarken-sv","14":"atta45_taxonomy-textil-vaskor-bagar-sv","15":"atta45_taxonomy-vaskor-resetillbehor-sv","17":"first","18":"instock","19":"taxable","20":"shipping-taxable","21":"purchasable","22":"product-type-variable"},"acf":[],"_links":{"self":[{"href":"https:\/\/www.atta45.se\/e-butik\/wp-json\/wp\/v2\/product\/304126","targetHints":{"allow":["GET"]}}],"collection":[{"href":"https:\/\/www.atta45.se\/e-butik\/wp-json\/wp\/v2\/product"}],"about":[{"href":"https:\/\/www.atta45.se\/e-butik\/wp-json\/wp\/v2\/types\/product"}],"wp:featuredmedia":[{"embeddable":true,"href":"https:\/\/www.atta45.se\/e-butik\/wp-json\/wp\/v2\/media\/304127"}],"wp:attachment":[{"href":"https:\/\/www.atta45.se\/e-butik\/wp-json\/wp\/v2\/media?parent=304126"}],"wp:term":[{"taxonomy":"product_brand","embeddable":true,"href":"https:\/\/www.atta45.se\/e-butik\/wp-json\/wp\/v2\/product_brand?post=304126"},{"taxonomy":"product_cat","embeddable":true,"href":"https:\/\/www.atta45.se\/e-butik\/wp-json\/wp\/v2\/product_cat?post=304126"},{"taxonomy":"product_tag","embeddable":true,"href":"https:\/\/www.atta45.se\/e-butik\/wp-json\/wp\/v2\/product_tag?post=304126"}],"curies":[{"name":"wp","href":"https:\/\/api.w.org\/{rel}","templated":true}]}}