{"id":304097,"date":"2025-04-16T22:09:14","date_gmt":"2025-04-16T20:09:14","guid":{"rendered":"https:\/\/www.atta45.se\/e-butik\/produkt\/brandcharger-marco-polo-ryggsack\/"},"modified":"2025-10-27T20:45:27","modified_gmt":"2025-10-27T19:45:27","slug":"brandcharger-marco-polo-ryggsack","status":"publish","type":"product","link":"https:\/\/www.atta45.se\/e-butik\/produkt\/brandcharger-marco-polo-ryggsack\/","title":{"rendered":"BrandCharger Marco Polo ryggs\u00e4ck"},"content":{"rendered":"<p>Marco Polo-ryggs\u00e4cken \u00e4r den ultimata tv\u00e5-i-ett-resef\u00f6ljaren, som enkelt kan konverteras fr\u00e5n en ryggs\u00e4ck till en plaggorganisator. Tillverkad av elastiskt och vattent\u00e5ligt Touring-tyg, \u00e4r den rymlig nog att b\u00e4ra en komplett outfit, skor och andra n\u00f6dv\u00e4ndigheter, perfekt f\u00f6r helgresor eller aff\u00e4rsresor. Med dolda fickor f\u00f6r bekv\u00e4mlighet, har den ocks\u00e5 vadderade fack f\u00f6r en 15,6&#8243; b\u00e4rbar dator, en vagnrem, en st\u00f6ldskyddsficka och reflekterande detaljer, vilket g\u00f6r den idealisk f\u00f6r dagliga pendlingar och resor med stil.<\/p>\n","protected":false},"excerpt":{"rendered":"<p>Marco Polo-ryggs\u00e4cken \u00e4r den ultimata tv\u00e5-i-ett-resef\u00f6ljaren, som enkelt kan konverteras fr\u00e5n en ryggs\u00e4ck till en plaggorganisator. Tillverkad av elastiskt och vattent\u00e5ligt Touring-tyg, \u00e4r den rymlig nog att b\u00e4ra en komplett outfit, skor och andra n\u00f6dv\u00e4ndigheter, perfekt f\u00f6r helgresor eller aff\u00e4rsresor. Med dolda fickor f\u00f6r bekv\u00e4mlighet, har den ocks\u00e5 vadderade fack f\u00f6r en 15,6&#8243; b\u00e4rbar dator, [&hellip;]<\/p>\n","protected":false},"featured_media":304098,"template":"","meta":{"_acf_changed":false,"_seopress_robots_primary_cat":"","_seopress_titles_title":"","_seopress_titles_desc":"","_seopress_robots_index":""},"product_brand":[],"product_cat":[15],"product_tag":[],"class_list":{"0":"post-304097","1":"product","2":"type-product","3":"status-publish","4":"has-post-thumbnail","6":"product_cat-okategoriserad","7":"atta45_taxonomy-elektronik-kontor-datortillbehor-sv","8":"atta45_taxonomy-textil-kontor-foretag-sv","9":"atta45_taxonomy-vaskor-resetillbehor-laptopvaskor-sv","10":"atta45_taxonomy-nyheter-sv","11":"atta45_taxonomy-tema-inspiration-utvalda-produkter-nyheter-sv","12":"atta45_taxonomy-vaskor-resetillbehor-portfoljer-sv","13":"atta45_taxonomy-elektronik-kontor-portfoljer-sv","14":"atta45_taxonomy-vaskor-resetillbehor-ryggsackar-sv","15":"atta45_taxonomy-vaskor-resetillbehor-ryggsackar-axelremsvaskor-sv","16":"atta45_taxonomy-textil-sport-performance-sv","17":"atta45_taxonomy-fritid-sportartiklar-sv","18":"atta45_taxonomy-vaskor-resetillbehor-sport-resvaskor-sv","19":"atta45_taxonomy-tema-inspiration-varumarken-sv","20":"atta45_taxonomy-textil-vaskor-bagar-sv","21":"atta45_taxonomy-vaskor-resetillbehor-sv","23":"first","24":"instock","25":"taxable","26":"shipping-taxable","27":"purchasable","28":"product-type-variable"},"acf":[],"_links":{"self":[{"href":"https:\/\/www.atta45.se\/e-butik\/wp-json\/wp\/v2\/product\/304097","targetHints":{"allow":["GET"]}}],"collection":[{"href":"https:\/\/www.atta45.se\/e-butik\/wp-json\/wp\/v2\/product"}],"about":[{"href":"https:\/\/www.atta45.se\/e-butik\/wp-json\/wp\/v2\/types\/product"}],"wp:featuredmedia":[{"embeddable":true,"href":"https:\/\/www.atta45.se\/e-butik\/wp-json\/wp\/v2\/media\/304098"}],"wp:attachment":[{"href":"https:\/\/www.atta45.se\/e-butik\/wp-json\/wp\/v2\/media?parent=304097"}],"wp:term":[{"taxonomy":"product_brand","embeddable":true,"href":"https:\/\/www.atta45.se\/e-butik\/wp-json\/wp\/v2\/product_brand?post=304097"},{"taxonomy":"product_cat","embeddable":true,"href":"https:\/\/www.atta45.se\/e-butik\/wp-json\/wp\/v2\/product_cat?post=304097"},{"taxonomy":"product_tag","embeddable":true,"href":"https:\/\/www.atta45.se\/e-butik\/wp-json\/wp\/v2\/product_tag?post=304097"}],"curies":[{"name":"wp","href":"https:\/\/api.w.org\/{rel}","templated":true}]}}