{"id":304086,"date":"2025-04-16T22:07:16","date_gmt":"2025-04-16T20:07:16","guid":{"rendered":"https:\/\/www.atta45.se\/e-butik\/produkt\/brandcharger-voyager-duffelvaska\/"},"modified":"2025-10-27T20:45:10","modified_gmt":"2025-10-27T19:45:10","slug":"brandcharger-voyager-duffelvaska","status":"publish","type":"product","link":"https:\/\/www.atta45.se\/e-butik\/produkt\/brandcharger-voyager-duffelvaska\/","title":{"rendered":"BrandCharger Voyager duffelv\u00e4ska"},"content":{"rendered":"<p>Voyager duffle-v\u00e4skan, gjord av \u00e5tervunna PET-flaskor, \u00e4r en viktig resa f\u00f6r dig. Den har ett integrerat kl\u00e4dskydd f\u00f6r att h\u00e5lla dina kl\u00e4der fr\u00e4scha och redo f\u00f6r alla tillf\u00e4llen. Oavsett om det g\u00e4ller resor eller gym, kombinerar Voyager funktionalitet och milj\u00f6v\u00e4nlig stil. Med en vikbar design, rymlig 35L interi\u00f6r och ett inbyggt kl\u00e4dskydd, erbjuder den smart, m\u00e5ngsidig f\u00f6rvaring tillsammans med en integrerad vagnrem f\u00f6r extra bekv\u00e4mlighet.<\/p>\n","protected":false},"excerpt":{"rendered":"<p>Voyager duffle-v\u00e4skan, gjord av \u00e5tervunna PET-flaskor, \u00e4r en viktig resa f\u00f6r dig. Den har ett integrerat kl\u00e4dskydd f\u00f6r att h\u00e5lla dina kl\u00e4der fr\u00e4scha och redo f\u00f6r alla tillf\u00e4llen. Oavsett om det g\u00e4ller resor eller gym, kombinerar Voyager funktionalitet och milj\u00f6v\u00e4nlig stil. Med en vikbar design, rymlig 35L interi\u00f6r och ett inbyggt kl\u00e4dskydd, erbjuder den smart, [&hellip;]<\/p>\n","protected":false},"featured_media":304087,"template":"","meta":{"_acf_changed":false,"_seopress_robots_primary_cat":"","_seopress_titles_title":"","_seopress_titles_desc":"","_seopress_robots_index":""},"product_brand":[],"product_cat":[15],"product_tag":[],"class_list":{"0":"post-304086","1":"product","2":"type-product","3":"status-publish","4":"has-post-thumbnail","6":"product_cat-okategoriserad","7":"atta45_taxonomy-vaskor-resetillbehor-bagagebrickor-sv","8":"atta45_taxonomy-kassar-pasar-kassar-sv","9":"atta45_taxonomy-nyheter-sv","10":"atta45_taxonomy-tema-inspiration-utvalda-produkter-nyheter-sv","11":"atta45_taxonomy-textil-organiskt-sv","12":"atta45_taxonomy-textil-sport-performance-sv","13":"atta45_taxonomy-fritid-sportartiklar-sv","14":"atta45_taxonomy-vaskor-resetillbehor-sport-resvaskor-sv","15":"atta45_taxonomy-tema-inspiration-varumarken-sv","16":"atta45_taxonomy-textil-vaskor-bagar-sv","17":"atta45_taxonomy-vaskor-resetillbehor-sv","19":"first","20":"instock","21":"taxable","22":"shipping-taxable","23":"purchasable","24":"product-type-variable"},"acf":[],"_links":{"self":[{"href":"https:\/\/www.atta45.se\/e-butik\/wp-json\/wp\/v2\/product\/304086","targetHints":{"allow":["GET"]}}],"collection":[{"href":"https:\/\/www.atta45.se\/e-butik\/wp-json\/wp\/v2\/product"}],"about":[{"href":"https:\/\/www.atta45.se\/e-butik\/wp-json\/wp\/v2\/types\/product"}],"wp:featuredmedia":[{"embeddable":true,"href":"https:\/\/www.atta45.se\/e-butik\/wp-json\/wp\/v2\/media\/304087"}],"wp:attachment":[{"href":"https:\/\/www.atta45.se\/e-butik\/wp-json\/wp\/v2\/media?parent=304086"}],"wp:term":[{"taxonomy":"product_brand","embeddable":true,"href":"https:\/\/www.atta45.se\/e-butik\/wp-json\/wp\/v2\/product_brand?post=304086"},{"taxonomy":"product_cat","embeddable":true,"href":"https:\/\/www.atta45.se\/e-butik\/wp-json\/wp\/v2\/product_cat?post=304086"},{"taxonomy":"product_tag","embeddable":true,"href":"https:\/\/www.atta45.se\/e-butik\/wp-json\/wp\/v2\/product_tag?post=304086"}],"curies":[{"name":"wp","href":"https:\/\/api.w.org\/{rel}","templated":true}]}}