{"id":30408,"date":"2024-12-26T16:57:46","date_gmt":"2024-12-26T15:57:46","guid":{"rendered":"https:\/\/www.atta45.se\/e-butik\/?post_type=product&#038;p=30408"},"modified":"2025-10-28T04:44:12","modified_gmt":"2025-10-28T03:44:12","slug":"street-banner-flagga-79x200-cm","status":"publish","type":"product","link":"https:\/\/www.atta45.se\/e-butik\/produkt\/street-banner-flagga-79x200-cm\/","title":{"rendered":"Street banner flagga 79&#215;200 cm"},"content":{"rendered":"<p>Streetbanner flagga i storlek 79 x 200 cm i tv\u00e5 lager satin polyester med kanaler f\u00f6r masten. Digitaltryck p\u00e5 b\u00e5da sidorna. Naturligtvis kan ni f\u00e5 annan storlek p\u00e5 flaggan om ni \u00f6nskar, var god och kontakta oss f\u00f6r offert. Levereras Separat i polyp\u00e5se.<\/p>\n<p>V\u00e4lj tillbeh\u00f6r separat f\u00f6r montering p\u00e5 st\u00e5ng.<\/p>\n","protected":false},"excerpt":{"rendered":"<p>Streetbanner flagga i storlek 79 x 200 cm i tv\u00e5 lager satin polyester med kanaler f\u00f6r masten. Digitaltryck p\u00e5 b\u00e5da sidorna. Naturligtvis kan ni f\u00e5 annan storlek p\u00e5 flaggan om ni \u00f6nskar, var god och kontakta oss f\u00f6r offert. Levereras Separat i polyp\u00e5se. V\u00e4lj tillbeh\u00f6r separat f\u00f6r montering p\u00e5 st\u00e5ng.<\/p>\n","protected":false},"featured_media":30409,"template":"","meta":{"_acf_changed":false,"_seopress_robots_primary_cat":"","_seopress_titles_title":"","_seopress_titles_desc":"","_seopress_robots_index":""},"product_brand":[],"product_cat":[15],"product_tag":[],"class_list":{"0":"post-30408","1":"product","2":"type-product","3":"status-publish","4":"has-post-thumbnail","6":"product_cat-okategoriserad","7":"atta45_taxonomy-expo-event-banners-sv","8":"atta45_taxonomy-expo-event-flaggor-sv","10":"first","11":"instock","12":"taxable","13":"shipping-taxable","14":"purchasable","15":"product-type-variable"},"acf":[],"_links":{"self":[{"href":"https:\/\/www.atta45.se\/e-butik\/wp-json\/wp\/v2\/product\/30408","targetHints":{"allow":["GET"]}}],"collection":[{"href":"https:\/\/www.atta45.se\/e-butik\/wp-json\/wp\/v2\/product"}],"about":[{"href":"https:\/\/www.atta45.se\/e-butik\/wp-json\/wp\/v2\/types\/product"}],"wp:featuredmedia":[{"embeddable":true,"href":"https:\/\/www.atta45.se\/e-butik\/wp-json\/wp\/v2\/media\/30409"}],"wp:attachment":[{"href":"https:\/\/www.atta45.se\/e-butik\/wp-json\/wp\/v2\/media?parent=30408"}],"wp:term":[{"taxonomy":"product_brand","embeddable":true,"href":"https:\/\/www.atta45.se\/e-butik\/wp-json\/wp\/v2\/product_brand?post=30408"},{"taxonomy":"product_cat","embeddable":true,"href":"https:\/\/www.atta45.se\/e-butik\/wp-json\/wp\/v2\/product_cat?post=30408"},{"taxonomy":"product_tag","embeddable":true,"href":"https:\/\/www.atta45.se\/e-butik\/wp-json\/wp\/v2\/product_tag?post=30408"}],"curies":[{"name":"wp","href":"https:\/\/api.w.org\/{rel}","templated":true}]}}