{"id":304035,"date":"2025-04-16T22:01:17","date_gmt":"2025-04-16T20:01:17","guid":{"rendered":"https:\/\/www.atta45.se\/e-butik\/produkt\/canvasforklade-450-gsm-maria\/"},"modified":"2025-10-27T20:43:30","modified_gmt":"2025-10-27T19:43:30","slug":"canvasforklade-450-gsm-maria","status":"publish","type":"product","link":"https:\/\/www.atta45.se\/e-butik\/produkt\/canvasforklade-450-gsm-maria\/","title":{"rendered":"Canvasf\u00f6rkl\u00e4de (450 gsm) Maria"},"content":{"rendered":"<p>Canvasf\u00f6rkl\u00e4de (450 gsm) med framficka i rPET PU och justerbar nackrem. Vattenavvisande.<\/p>\n","protected":false},"excerpt":{"rendered":"<p>Canvasf\u00f6rkl\u00e4de (450 gsm) med framficka i rPET PU och justerbar nackrem. Vattenavvisande.<\/p>\n","protected":false},"featured_media":304036,"template":"","meta":{"_acf_changed":false,"_seopress_robots_primary_cat":"","_seopress_titles_title":"","_seopress_titles_desc":"","_seopress_robots_index":""},"product_brand":[],"product_cat":[15],"product_tag":[],"class_list":{"0":"post-304035","1":"product","2":"type-product","3":"status-publish","4":"has-post-thumbnail","6":"product_cat-okategoriserad","7":"atta45_taxonomy-fritid-grilltillbehor-sv","8":"atta45_taxonomy-tema-inspiration-grona-intryck-sv","9":"atta45_taxonomy-hem-hushall-koksartiklar-sv","10":"atta45_taxonomy-tema-inspiration-grona-intryck-kork-sv","12":"first","13":"instock","14":"taxable","15":"shipping-taxable","16":"purchasable","17":"product-type-variable"},"acf":[],"_links":{"self":[{"href":"https:\/\/www.atta45.se\/e-butik\/wp-json\/wp\/v2\/product\/304035","targetHints":{"allow":["GET"]}}],"collection":[{"href":"https:\/\/www.atta45.se\/e-butik\/wp-json\/wp\/v2\/product"}],"about":[{"href":"https:\/\/www.atta45.se\/e-butik\/wp-json\/wp\/v2\/types\/product"}],"wp:featuredmedia":[{"embeddable":true,"href":"https:\/\/www.atta45.se\/e-butik\/wp-json\/wp\/v2\/media\/304036"}],"wp:attachment":[{"href":"https:\/\/www.atta45.se\/e-butik\/wp-json\/wp\/v2\/media?parent=304035"}],"wp:term":[{"taxonomy":"product_brand","embeddable":true,"href":"https:\/\/www.atta45.se\/e-butik\/wp-json\/wp\/v2\/product_brand?post=304035"},{"taxonomy":"product_cat","embeddable":true,"href":"https:\/\/www.atta45.se\/e-butik\/wp-json\/wp\/v2\/product_cat?post=304035"},{"taxonomy":"product_tag","embeddable":true,"href":"https:\/\/www.atta45.se\/e-butik\/wp-json\/wp\/v2\/product_tag?post=304035"}],"curies":[{"name":"wp","href":"https:\/\/api.w.org\/{rel}","templated":true}]}}