{"id":304018,"date":"2025-04-16T21:59:13","date_gmt":"2025-04-16T19:59:13","guid":{"rendered":"https:\/\/www.atta45.se\/e-butik\/produkt\/laptop-vaska-av-tomatskinn-lillian\/"},"modified":"2025-10-27T20:43:15","modified_gmt":"2025-10-27T19:43:15","slug":"laptop-vaska-av-tomatskinn-lillian","status":"publish","type":"product","link":"https:\/\/www.atta45.se\/e-butik\/produkt\/laptop-vaska-av-tomatskinn-lillian\/","title":{"rendered":"Laptop-v\u00e4ska av tomatskinn Lillian"},"content":{"rendered":"<p>Laptopv\u00e4ska i tomatl\u00e4der (15 tum) med dragkedjef\u00f6rsedda fack p\u00e5 framsidan och toppen, och en vadderad laptopficka med kardborrest\u00e4ngning. Flera mindre fickor inuti. Med justerbara axelband. Materialsammans\u00e4ttning: 50% bomull, 30% tomat, 20% biopolymer.<\/p>\n","protected":false},"excerpt":{"rendered":"<p>Laptopv\u00e4ska i tomatl\u00e4der (15 tum) med dragkedjef\u00f6rsedda fack p\u00e5 framsidan och toppen, och en vadderad laptopficka med kardborrest\u00e4ngning. Flera mindre fickor inuti. Med justerbara axelband. Materialsammans\u00e4ttning: 50% bomull, 30% tomat, 20% biopolymer.<\/p>\n","protected":false},"featured_media":304019,"template":"","meta":{"_acf_changed":false,"_seopress_robots_primary_cat":"","_seopress_titles_title":"","_seopress_titles_desc":"","_seopress_robots_index":""},"product_brand":[],"product_cat":[15],"product_tag":[],"class_list":{"0":"post-304018","1":"product","2":"type-product","3":"status-publish","4":"has-post-thumbnail","6":"product_cat-okategoriserad","7":"atta45_taxonomy-elektronik-kontor-datortillbehor-sv","8":"atta45_taxonomy-tema-inspiration-grona-intryck-eko-vaskor-sv","9":"atta45_taxonomy-tema-inspiration-grona-intryck-sv","10":"atta45_taxonomy-kassar-pasar-kassar-sv","11":"atta45_taxonomy-textil-kontor-foretag-sv","12":"atta45_taxonomy-tema-inspiration-ogonblick-kontorsliv-sv","13":"atta45_taxonomy-vaskor-resetillbehor-laptopvaskor-sv","14":"atta45_taxonomy-textil-organiskt-sv","15":"atta45_taxonomy-elektronik-kontor-portfoljer-sv","16":"atta45_taxonomy-vaskor-resetillbehor-portfoljer-sv","17":"atta45_taxonomy-tema-inspiration-sv","18":"atta45_taxonomy-textil-vaskor-bagar-sv","19":"atta45_taxonomy-vaskor-resetillbehor-sv","21":"first","22":"instock","23":"taxable","24":"shipping-taxable","25":"purchasable","26":"product-type-variable"},"acf":[],"_links":{"self":[{"href":"https:\/\/www.atta45.se\/e-butik\/wp-json\/wp\/v2\/product\/304018","targetHints":{"allow":["GET"]}}],"collection":[{"href":"https:\/\/www.atta45.se\/e-butik\/wp-json\/wp\/v2\/product"}],"about":[{"href":"https:\/\/www.atta45.se\/e-butik\/wp-json\/wp\/v2\/types\/product"}],"wp:featuredmedia":[{"embeddable":true,"href":"https:\/\/www.atta45.se\/e-butik\/wp-json\/wp\/v2\/media\/304019"}],"wp:attachment":[{"href":"https:\/\/www.atta45.se\/e-butik\/wp-json\/wp\/v2\/media?parent=304018"}],"wp:term":[{"taxonomy":"product_brand","embeddable":true,"href":"https:\/\/www.atta45.se\/e-butik\/wp-json\/wp\/v2\/product_brand?post=304018"},{"taxonomy":"product_cat","embeddable":true,"href":"https:\/\/www.atta45.se\/e-butik\/wp-json\/wp\/v2\/product_cat?post=304018"},{"taxonomy":"product_tag","embeddable":true,"href":"https:\/\/www.atta45.se\/e-butik\/wp-json\/wp\/v2\/product_tag?post=304018"}],"curies":[{"name":"wp","href":"https:\/\/api.w.org\/{rel}","templated":true}]}}