{"id":30394,"date":"2024-12-26T16:57:35","date_gmt":"2024-12-26T15:57:35","guid":{"rendered":"https:\/\/www.atta45.se\/e-butik\/?post_type=product&#038;p=30394"},"modified":"2025-10-28T03:25:26","modified_gmt":"2025-10-28T02:25:26","slug":"bang-bang-appladstavar","status":"publish","type":"product","link":"https:\/\/www.atta45.se\/e-butik\/produkt\/bang-bang-appladstavar\/","title":{"rendered":"Appl\u00e5dstavar, Bang Bang Appl\u00e5dstavar"},"content":{"rendered":"<p>Uppbl\u00e5sbara appl\u00e5dstavar kallade f\u00f6r bang bang. Tillverkas i \u00f6nskad bottenf\u00e4rg. Bl\u00e5sr\u00f6r ing\u00e5r. Leveras i par.<\/p>\n","protected":false},"excerpt":{"rendered":"<p>Uppbl\u00e5sbara appl\u00e5dstavar kallade f\u00f6r bang bang. Tillverkas i \u00f6nskad bottenf\u00e4rg. Bl\u00e5sr\u00f6r ing\u00e5r. Leveras i par.<\/p>\n","protected":false},"featured_media":17059,"template":"","meta":{"_acf_changed":false,"_seopress_robots_primary_cat":"","_seopress_titles_title":"","_seopress_titles_desc":"","_seopress_robots_index":""},"product_brand":[],"product_cat":[15],"product_tag":[],"class_list":{"0":"post-30394","1":"product","2":"type-product","3":"status-publish","4":"has-post-thumbnail","6":"product_cat-okategoriserad","7":"atta45_taxonomy-expo-event-bang-bang-sv","8":"atta45_taxonomy-trading-fritid-sportartiklar-sv","9":"atta45_taxonomy-tema-inspiration-varumarken-ycp-sv","11":"first","12":"instock","13":"taxable","14":"shipping-taxable","15":"purchasable","16":"product-type-variable"},"acf":[],"_links":{"self":[{"href":"https:\/\/www.atta45.se\/e-butik\/wp-json\/wp\/v2\/product\/30394","targetHints":{"allow":["GET"]}}],"collection":[{"href":"https:\/\/www.atta45.se\/e-butik\/wp-json\/wp\/v2\/product"}],"about":[{"href":"https:\/\/www.atta45.se\/e-butik\/wp-json\/wp\/v2\/types\/product"}],"wp:featuredmedia":[{"embeddable":true,"href":"https:\/\/www.atta45.se\/e-butik\/wp-json\/wp\/v2\/media\/17059"}],"wp:attachment":[{"href":"https:\/\/www.atta45.se\/e-butik\/wp-json\/wp\/v2\/media?parent=30394"}],"wp:term":[{"taxonomy":"product_brand","embeddable":true,"href":"https:\/\/www.atta45.se\/e-butik\/wp-json\/wp\/v2\/product_brand?post=30394"},{"taxonomy":"product_cat","embeddable":true,"href":"https:\/\/www.atta45.se\/e-butik\/wp-json\/wp\/v2\/product_cat?post=30394"},{"taxonomy":"product_tag","embeddable":true,"href":"https:\/\/www.atta45.se\/e-butik\/wp-json\/wp\/v2\/product_tag?post=30394"}],"curies":[{"name":"wp","href":"https:\/\/api.w.org\/{rel}","templated":true}]}}