{"id":303883,"date":"2025-04-16T20:45:12","date_gmt":"2025-04-16T18:45:12","guid":{"rendered":"https:\/\/www.atta45.se\/e-butik\/produkt\/oeko-tex-bomull-140-g-m2-ryggsack-med-dragsko-bridget\/"},"modified":"2025-10-27T20:40:44","modified_gmt":"2025-10-27T19:40:44","slug":"oeko-tex-bomull-140-g-m2-ryggsack-med-dragsko-bridget","status":"publish","type":"product","link":"https:\/\/www.atta45.se\/e-butik\/produkt\/oeko-tex-bomull-140-g-m2-ryggsack-med-dragsko-bridget\/","title":{"rendered":"Oeko-Tex bomull (140 g\/m2) ryggs\u00e4ck med dragsko Bridget"},"content":{"rendered":"<p>\u00d6ko-Tex\u00ae ryggs\u00e4ck i bomull (140 gsm) med dragsko. F\u00e4rgad bomull. Maximal b\u00e4rvikt: ca. 8 kg. Inkluderar Oeko-Tex\u00ae-etikett.<\/p>\n","protected":false},"excerpt":{"rendered":"<p>\u00d6ko-Tex\u00ae ryggs\u00e4ck i bomull (140 gsm) med dragsko. F\u00e4rgad bomull. Maximal b\u00e4rvikt: ca. 8 kg. Inkluderar Oeko-Tex\u00ae-etikett.<\/p>\n","protected":false},"featured_media":303884,"template":"","meta":{"_acf_changed":false,"_seopress_robots_primary_cat":"","_seopress_titles_title":"","_seopress_titles_desc":"","_seopress_robots_index":""},"product_brand":[],"product_cat":[15],"product_tag":[],"class_list":{"0":"post-303883","1":"product","2":"type-product","3":"status-publish","4":"has-post-thumbnail","6":"product_cat-okategoriserad","7":"atta45_taxonomy-tema-inspiration-grona-intryck-eko-vaskor-sv","8":"atta45_taxonomy-tema-inspiration-grona-intryck-sv","9":"atta45_taxonomy-kassar-pasar-kassar-sv","10":"atta45_taxonomy-tema-inspiration-grona-intryck-kork-sv","11":"atta45_taxonomy-vaskor-resetillbehor-ryggsackar-sv","12":"atta45_taxonomy-vaskor-resetillbehor-ryggsackar-axelremsvaskor-sv","13":"atta45_taxonomy-tema-inspiration-ogonblick-skoldags-sv","14":"atta45_taxonomy-vaskor-resetillbehor-sport-resvaskor-sv","15":"atta45_taxonomy-tema-inspiration-sv","16":"atta45_taxonomy-tema-inspiration-branscher-utbildning-sv","17":"atta45_taxonomy-reflexer-verktyg-sakerhet-vaskor-sv","18":"atta45_taxonomy-textil-vaskor-bagar-sv","19":"atta45_taxonomy-vaskor-resetillbehor-sv","21":"first","22":"instock","23":"taxable","24":"shipping-taxable","25":"purchasable","26":"product-type-variable"},"acf":[],"_links":{"self":[{"href":"https:\/\/www.atta45.se\/e-butik\/wp-json\/wp\/v2\/product\/303883","targetHints":{"allow":["GET"]}}],"collection":[{"href":"https:\/\/www.atta45.se\/e-butik\/wp-json\/wp\/v2\/product"}],"about":[{"href":"https:\/\/www.atta45.se\/e-butik\/wp-json\/wp\/v2\/types\/product"}],"wp:featuredmedia":[{"embeddable":true,"href":"https:\/\/www.atta45.se\/e-butik\/wp-json\/wp\/v2\/media\/303884"}],"wp:attachment":[{"href":"https:\/\/www.atta45.se\/e-butik\/wp-json\/wp\/v2\/media?parent=303883"}],"wp:term":[{"taxonomy":"product_brand","embeddable":true,"href":"https:\/\/www.atta45.se\/e-butik\/wp-json\/wp\/v2\/product_brand?post=303883"},{"taxonomy":"product_cat","embeddable":true,"href":"https:\/\/www.atta45.se\/e-butik\/wp-json\/wp\/v2\/product_cat?post=303883"},{"taxonomy":"product_tag","embeddable":true,"href":"https:\/\/www.atta45.se\/e-butik\/wp-json\/wp\/v2\/product_tag?post=303883"}],"curies":[{"name":"wp","href":"https:\/\/api.w.org\/{rel}","templated":true}]}}