{"id":303860,"date":"2025-04-16T20:42:13","date_gmt":"2025-04-16T18:42:13","guid":{"rendered":"https:\/\/www.atta45.se\/e-butik\/produkt\/anteckningsbok-i-pu-a5-bradley\/"},"modified":"2025-10-27T20:40:31","modified_gmt":"2025-10-27T19:40:31","slug":"anteckningsbok-i-pu-a5-bradley","status":"publish","type":"product","link":"https:\/\/www.atta45.se\/e-butik\/produkt\/anteckningsbok-i-pu-a5-bradley\/","title":{"rendered":"Anteckningsbok i PU (A5) Bradley"},"content":{"rendered":"<p>PU-anteckningsbok (ca A5) med 96 sidor av 5 mm rutn\u00e4t utan ram. Inkluderar en bandmark\u00f6r och ett elastiskt band \u00f6ver omslaget.<\/p>\n","protected":false},"excerpt":{"rendered":"<p>PU-anteckningsbok (ca A5) med 96 sidor av 5 mm rutn\u00e4t utan ram. Inkluderar en bandmark\u00f6r och ett elastiskt band \u00f6ver omslaget.<\/p>\n","protected":false},"featured_media":303861,"template":"","meta":{"_acf_changed":false,"_seopress_robots_primary_cat":"","_seopress_titles_title":"","_seopress_titles_desc":"","_seopress_robots_index":""},"product_brand":[],"product_cat":[15],"product_tag":[],"class_list":{"0":"post-303860","1":"product","2":"type-product","3":"status-publish","4":"has-post-thumbnail","6":"product_cat-okategoriserad","7":"atta45_taxonomy-elektronik-kontor-anteckningsbocker-sv","8":"atta45_taxonomy-tema-inspiration-ogonblick-kontorsliv-sv","9":"atta45_taxonomy-tema-inspiration-ogonblick-skoldags-sv","10":"atta45_taxonomy-tema-inspiration-sv","11":"atta45_taxonomy-tema-inspiration-branscher-utbildning-sv","13":"first","14":"instock","15":"taxable","16":"shipping-taxable","17":"purchasable","18":"product-type-variable"},"acf":[],"_links":{"self":[{"href":"https:\/\/www.atta45.se\/e-butik\/wp-json\/wp\/v2\/product\/303860","targetHints":{"allow":["GET"]}}],"collection":[{"href":"https:\/\/www.atta45.se\/e-butik\/wp-json\/wp\/v2\/product"}],"about":[{"href":"https:\/\/www.atta45.se\/e-butik\/wp-json\/wp\/v2\/types\/product"}],"wp:featuredmedia":[{"embeddable":true,"href":"https:\/\/www.atta45.se\/e-butik\/wp-json\/wp\/v2\/media\/303861"}],"wp:attachment":[{"href":"https:\/\/www.atta45.se\/e-butik\/wp-json\/wp\/v2\/media?parent=303860"}],"wp:term":[{"taxonomy":"product_brand","embeddable":true,"href":"https:\/\/www.atta45.se\/e-butik\/wp-json\/wp\/v2\/product_brand?post=303860"},{"taxonomy":"product_cat","embeddable":true,"href":"https:\/\/www.atta45.se\/e-butik\/wp-json\/wp\/v2\/product_cat?post=303860"},{"taxonomy":"product_tag","embeddable":true,"href":"https:\/\/www.atta45.se\/e-butik\/wp-json\/wp\/v2\/product_tag?post=303860"}],"curies":[{"name":"wp","href":"https:\/\/api.w.org\/{rel}","templated":true}]}}