{"id":303844,"date":"2025-04-16T20:41:13","date_gmt":"2025-04-16T18:41:13","guid":{"rendered":"https:\/\/www.atta45.se\/e-butik\/produkt\/anteckningsbok-av-sockerror-a5-friedrich\/"},"modified":"2025-10-27T20:40:18","modified_gmt":"2025-10-27T19:40:18","slug":"anteckningsbok-av-sockerror-a5-friedrich","status":"publish","type":"product","link":"https:\/\/www.atta45.se\/e-butik\/produkt\/anteckningsbok-av-sockerror-a5-friedrich\/","title":{"rendered":"Anteckningsbok av sockerr\u00f6r (A5) Friedrich"},"content":{"rendered":"<p>Anteckningsbok (ca A5) med 80 raderade sidor (80 gsm) gjord av sockerr\u00f6r. Med ett elastiskt band, penn\u00f6gla och bandmark\u00f6r. Pr\u00e4glad sockerr\u00f6rslogga p\u00e5 baksidan.<\/p>\n","protected":false},"excerpt":{"rendered":"<p>Anteckningsbok (ca A5) med 80 raderade sidor (80 gsm) gjord av sockerr\u00f6r. Med ett elastiskt band, penn\u00f6gla och bandmark\u00f6r. Pr\u00e4glad sockerr\u00f6rslogga p\u00e5 baksidan.<\/p>\n","protected":false},"featured_media":303845,"template":"","meta":{"_acf_changed":false,"_seopress_robots_primary_cat":"","_seopress_titles_title":"","_seopress_titles_desc":"","_seopress_robots_index":""},"product_brand":[],"product_cat":[15],"product_tag":[],"class_list":{"0":"post-303844","1":"product","2":"type-product","3":"status-publish","4":"has-post-thumbnail","6":"product_cat-okategoriserad","7":"atta45_taxonomy-elektronik-kontor-anteckningsbocker-sv","8":"atta45_taxonomy-tema-inspiration-grona-intryck-sv","9":"atta45_taxonomy-tema-inspiration-ogonblick-kontorsliv-sv","10":"atta45_taxonomy-tema-inspiration-ogonblick-skoldags-sv","11":"atta45_taxonomy-tema-inspiration-sv","12":"atta45_taxonomy-tema-inspiration-branscher-utbildning-sv","14":"first","15":"instock","16":"taxable","17":"shipping-taxable","18":"purchasable","19":"product-type-variable"},"acf":[],"_links":{"self":[{"href":"https:\/\/www.atta45.se\/e-butik\/wp-json\/wp\/v2\/product\/303844","targetHints":{"allow":["GET"]}}],"collection":[{"href":"https:\/\/www.atta45.se\/e-butik\/wp-json\/wp\/v2\/product"}],"about":[{"href":"https:\/\/www.atta45.se\/e-butik\/wp-json\/wp\/v2\/types\/product"}],"wp:featuredmedia":[{"embeddable":true,"href":"https:\/\/www.atta45.se\/e-butik\/wp-json\/wp\/v2\/media\/303845"}],"wp:attachment":[{"href":"https:\/\/www.atta45.se\/e-butik\/wp-json\/wp\/v2\/media?parent=303844"}],"wp:term":[{"taxonomy":"product_brand","embeddable":true,"href":"https:\/\/www.atta45.se\/e-butik\/wp-json\/wp\/v2\/product_brand?post=303844"},{"taxonomy":"product_cat","embeddable":true,"href":"https:\/\/www.atta45.se\/e-butik\/wp-json\/wp\/v2\/product_cat?post=303844"},{"taxonomy":"product_tag","embeddable":true,"href":"https:\/\/www.atta45.se\/e-butik\/wp-json\/wp\/v2\/product_tag?post=303844"}],"curies":[{"name":"wp","href":"https:\/\/api.w.org\/{rel}","templated":true}]}}