{"id":303782,"date":"2025-04-16T20:35:13","date_gmt":"2025-04-16T18:35:13","guid":{"rendered":"https:\/\/www.atta45.se\/e-butik\/produkt\/finesse-inkl-soyavax\/"},"modified":"2025-10-27T19:03:52","modified_gmt":"2025-10-27T18:03:52","slug":"finesse-inkl-soyavax","status":"publish","type":"product","link":"https:\/\/www.atta45.se\/e-butik\/produkt\/finesse-inkl-soyavax\/","title":{"rendered":"Ljus Finesse (inkl soyavax)"},"content":{"rendered":"<p>K\u00e4nn den unika atmosf\u00e4ren med v\u00e5rt exklusiva reklamljus i porslin. Dess minimalistiska design kombinerat med h\u00f6gklassigt porslin g\u00f6r Finesse inte bara till en intressant presentid\u00e9, utan ocks\u00e5 till ett elegant tillskott till alla interi\u00f6rer. F\u00f6r dig som v\u00e4rdes\u00e4tter sk\u00f6nhet i enkelhet och vill introducera en touch av lyx till sin omgivning.<\/p>\n<p>Brinntid vax: 25 timmar<br \/>Veke: 1 st<\/p>\n<p>Candlesphere<\/p>\n","protected":false},"excerpt":{"rendered":"<p>K\u00e4nn den unika atmosf\u00e4ren med v\u00e5rt exklusiva reklamljus i porslin. Dess minimalistiska design kombinerat med h\u00f6gklassigt porslin g\u00f6r Finesse inte bara till en intressant presentid\u00e9, utan ocks\u00e5 till ett elegant tillskott till alla interi\u00f6rer. F\u00f6r dig som v\u00e4rdes\u00e4tter sk\u00f6nhet i enkelhet och vill introducera en touch av lyx till sin omgivning. Brinntid vax: 25 timmarVeke: [&hellip;]<\/p>\n","protected":false},"featured_media":303783,"template":"","meta":{"_acf_changed":false,"_seopress_robots_primary_cat":"","_seopress_titles_title":"","_seopress_titles_desc":"","_seopress_robots_index":""},"product_brand":[],"product_cat":[15],"product_tag":[],"class_list":{"0":"post-303782","1":"product","2":"type-product","3":"status-publish","4":"has-post-thumbnail","6":"product_cat-okategoriserad","7":"atta45_taxonomy-candlesphere-sv","8":"atta45_taxonomy-hem-hushall-ljus-doftset-sv","9":"atta45_taxonomy-nyheter-sv","11":"first","12":"instock","13":"taxable","14":"shipping-taxable","15":"purchasable","16":"product-type-variable"},"acf":[],"_links":{"self":[{"href":"https:\/\/www.atta45.se\/e-butik\/wp-json\/wp\/v2\/product\/303782","targetHints":{"allow":["GET"]}}],"collection":[{"href":"https:\/\/www.atta45.se\/e-butik\/wp-json\/wp\/v2\/product"}],"about":[{"href":"https:\/\/www.atta45.se\/e-butik\/wp-json\/wp\/v2\/types\/product"}],"wp:featuredmedia":[{"embeddable":true,"href":"https:\/\/www.atta45.se\/e-butik\/wp-json\/wp\/v2\/media\/303783"}],"wp:attachment":[{"href":"https:\/\/www.atta45.se\/e-butik\/wp-json\/wp\/v2\/media?parent=303782"}],"wp:term":[{"taxonomy":"product_brand","embeddable":true,"href":"https:\/\/www.atta45.se\/e-butik\/wp-json\/wp\/v2\/product_brand?post=303782"},{"taxonomy":"product_cat","embeddable":true,"href":"https:\/\/www.atta45.se\/e-butik\/wp-json\/wp\/v2\/product_cat?post=303782"},{"taxonomy":"product_tag","embeddable":true,"href":"https:\/\/www.atta45.se\/e-butik\/wp-json\/wp\/v2\/product_tag?post=303782"}],"curies":[{"name":"wp","href":"https:\/\/api.w.org\/{rel}","templated":true}]}}