{"id":303776,"date":"2025-04-16T20:34:12","date_gmt":"2025-04-16T18:34:12","guid":{"rendered":"https:\/\/www.atta45.se\/e-butik\/produkt\/flara-inkl-soyavax\/"},"modified":"2025-10-27T19:03:41","modified_gmt":"2025-10-27T18:03:41","slug":"flara-inkl-soyavax","status":"publish","type":"product","link":"https:\/\/www.atta45.se\/e-butik\/produkt\/flara-inkl-soyavax\/","title":{"rendered":"Ljus Flara (inkl soyavax)"},"content":{"rendered":"<p>B\u00f6rja din resa till sinnenas magiska v\u00e4rld med v\u00e5rt unika Flara-reklamljus. Dess popul\u00e4ra form och enkla, tunna glasv\u00e4ggar \u00e4r perfekta f\u00f6r olika f\u00e4rger och f\u00f6r sofistikerade dekorationer. I kombination med fyllningen med ekologiskt sojavax och en original arom kommer det att vara en attraktiv dekoration f\u00f6r alla interi\u00f6rer.<\/p>\n<p>Brinntid vax: 30 timmar<br \/>Veke: 1 st<\/p>\n<p>Candlesphere<\/p>\n","protected":false},"excerpt":{"rendered":"<p>B\u00f6rja din resa till sinnenas magiska v\u00e4rld med v\u00e5rt unika Flara-reklamljus. Dess popul\u00e4ra form och enkla, tunna glasv\u00e4ggar \u00e4r perfekta f\u00f6r olika f\u00e4rger och f\u00f6r sofistikerade dekorationer. I kombination med fyllningen med ekologiskt sojavax och en original arom kommer det att vara en attraktiv dekoration f\u00f6r alla interi\u00f6rer. Brinntid vax: 30 timmarVeke: 1 st Candlesphere<\/p>\n","protected":false},"featured_media":0,"template":"","meta":{"_acf_changed":false,"_seopress_robots_primary_cat":"","_seopress_titles_title":"","_seopress_titles_desc":"","_seopress_robots_index":""},"product_brand":[],"product_cat":[15],"product_tag":[],"class_list":{"0":"post-303776","1":"product","2":"type-product","3":"status-publish","5":"product_cat-okategoriserad","6":"atta45_taxonomy-candlesphere-sv","7":"atta45_taxonomy-hem-hushall-ljus-doftset-sv","8":"atta45_taxonomy-nyheter-sv","10":"first","11":"instock","12":"taxable","13":"shipping-taxable","14":"purchasable","15":"product-type-variable"},"acf":[],"_links":{"self":[{"href":"https:\/\/www.atta45.se\/e-butik\/wp-json\/wp\/v2\/product\/303776","targetHints":{"allow":["GET"]}}],"collection":[{"href":"https:\/\/www.atta45.se\/e-butik\/wp-json\/wp\/v2\/product"}],"about":[{"href":"https:\/\/www.atta45.se\/e-butik\/wp-json\/wp\/v2\/types\/product"}],"wp:attachment":[{"href":"https:\/\/www.atta45.se\/e-butik\/wp-json\/wp\/v2\/media?parent=303776"}],"wp:term":[{"taxonomy":"product_brand","embeddable":true,"href":"https:\/\/www.atta45.se\/e-butik\/wp-json\/wp\/v2\/product_brand?post=303776"},{"taxonomy":"product_cat","embeddable":true,"href":"https:\/\/www.atta45.se\/e-butik\/wp-json\/wp\/v2\/product_cat?post=303776"},{"taxonomy":"product_tag","embeddable":true,"href":"https:\/\/www.atta45.se\/e-butik\/wp-json\/wp\/v2\/product_tag?post=303776"}],"curies":[{"name":"wp","href":"https:\/\/api.w.org\/{rel}","templated":true}]}}