{"id":303755,"date":"2025-04-16T20:07:14","date_gmt":"2025-04-16T18:07:14","guid":{"rendered":"https:\/\/www.atta45.se\/e-butik\/produkt\/luna-set\/"},"modified":"2025-10-27T18:58:40","modified_gmt":"2025-10-27T17:58:40","slug":"luna-set","status":"publish","type":"product","link":"https:\/\/www.atta45.se\/e-butik\/produkt\/luna-set\/","title":{"rendered":"Kopp med fat Luna"},"content":{"rendered":"<p>Elegans med en nypa Fantasy. Ett porslinsset med v\u00e5gig tallrik, vilket ger den en unik karakt\u00e4r. Kombinerat med ett varum\u00e4rke, g\u00f6r det m\u00f6jligt att f\u00f6ra in en passion i varje \u00f6gonblick som spenderas tillsammans. Tillverkad i EU.<\/p>\n","protected":false},"excerpt":{"rendered":"<p>Elegans med en nypa Fantasy. Ett porslinsset med v\u00e5gig tallrik, vilket ger den en unik karakt\u00e4r. Kombinerat med ett varum\u00e4rke, g\u00f6r det m\u00f6jligt att f\u00f6ra in en passion i varje \u00f6gonblick som spenderas tillsammans. Tillverkad i EU.<\/p>\n","protected":false},"featured_media":0,"template":"","meta":{"_acf_changed":false,"_seopress_robots_primary_cat":"","_seopress_titles_title":"","_seopress_titles_desc":"","_seopress_robots_index":""},"product_brand":[],"product_cat":[15],"product_tag":[],"class_list":{"0":"post-303755","1":"product","2":"type-product","3":"status-publish","5":"product_cat-okategoriserad","6":"atta45_taxonomy-tema-inspiration-varumarken-cupline-sv","7":"atta45_taxonomy-hem-hushall-koppar-sv","8":"atta45_taxonomy-muggar-koppar-sv","10":"first","11":"instock","12":"taxable","13":"shipping-taxable","14":"purchasable","15":"product-type-variable"},"acf":[],"_links":{"self":[{"href":"https:\/\/www.atta45.se\/e-butik\/wp-json\/wp\/v2\/product\/303755","targetHints":{"allow":["GET"]}}],"collection":[{"href":"https:\/\/www.atta45.se\/e-butik\/wp-json\/wp\/v2\/product"}],"about":[{"href":"https:\/\/www.atta45.se\/e-butik\/wp-json\/wp\/v2\/types\/product"}],"wp:attachment":[{"href":"https:\/\/www.atta45.se\/e-butik\/wp-json\/wp\/v2\/media?parent=303755"}],"wp:term":[{"taxonomy":"product_brand","embeddable":true,"href":"https:\/\/www.atta45.se\/e-butik\/wp-json\/wp\/v2\/product_brand?post=303755"},{"taxonomy":"product_cat","embeddable":true,"href":"https:\/\/www.atta45.se\/e-butik\/wp-json\/wp\/v2\/product_cat?post=303755"},{"taxonomy":"product_tag","embeddable":true,"href":"https:\/\/www.atta45.se\/e-butik\/wp-json\/wp\/v2\/product_tag?post=303755"}],"curies":[{"name":"wp","href":"https:\/\/api.w.org\/{rel}","templated":true}]}}