{"id":303744,"date":"2025-04-16T20:06:12","date_gmt":"2025-04-16T18:06:12","guid":{"rendered":"https:\/\/www.atta45.se\/e-butik\/produkt\/lucas-lunch-set-2\/"},"modified":"2025-10-27T18:57:48","modified_gmt":"2025-10-27T17:57:48","slug":"lucas-lunch-set-2","status":"publish","type":"product","link":"https:\/\/www.atta45.se\/e-butik\/produkt\/lucas-lunch-set-2\/","title":{"rendered":"Kopp Lucas Lunch Set"},"content":{"rendered":"<p>Modern kopp med fat d\u00e4r du kan l\u00e4gga sm\u00f6rg\u00e5sen eller kakorna.<\/p>\n","protected":false},"excerpt":{"rendered":"<p>Modern kopp med fat d\u00e4r du kan l\u00e4gga sm\u00f6rg\u00e5sen eller kakorna.<\/p>\n","protected":false},"featured_media":303745,"template":"","meta":{"_acf_changed":false,"_seopress_robots_primary_cat":"","_seopress_titles_title":"","_seopress_titles_desc":"","_seopress_robots_index":""},"product_brand":[],"product_cat":[15],"product_tag":[],"class_list":{"0":"post-303744","1":"product","2":"type-product","3":"status-publish","4":"has-post-thumbnail","6":"product_cat-okategoriserad","7":"atta45_taxonomy-tema-inspiration-varumarken-cupline-sv","8":"atta45_taxonomy-hem-hushall-koppar-sv","9":"atta45_taxonomy-muggar-koppar-sv","11":"first","12":"instock","13":"taxable","14":"shipping-taxable","15":"purchasable","16":"product-type-variable"},"acf":[],"_links":{"self":[{"href":"https:\/\/www.atta45.se\/e-butik\/wp-json\/wp\/v2\/product\/303744","targetHints":{"allow":["GET"]}}],"collection":[{"href":"https:\/\/www.atta45.se\/e-butik\/wp-json\/wp\/v2\/product"}],"about":[{"href":"https:\/\/www.atta45.se\/e-butik\/wp-json\/wp\/v2\/types\/product"}],"wp:featuredmedia":[{"embeddable":true,"href":"https:\/\/www.atta45.se\/e-butik\/wp-json\/wp\/v2\/media\/303745"}],"wp:attachment":[{"href":"https:\/\/www.atta45.se\/e-butik\/wp-json\/wp\/v2\/media?parent=303744"}],"wp:term":[{"taxonomy":"product_brand","embeddable":true,"href":"https:\/\/www.atta45.se\/e-butik\/wp-json\/wp\/v2\/product_brand?post=303744"},{"taxonomy":"product_cat","embeddable":true,"href":"https:\/\/www.atta45.se\/e-butik\/wp-json\/wp\/v2\/product_cat?post=303744"},{"taxonomy":"product_tag","embeddable":true,"href":"https:\/\/www.atta45.se\/e-butik\/wp-json\/wp\/v2\/product_tag?post=303744"}],"curies":[{"name":"wp","href":"https:\/\/api.w.org\/{rel}","templated":true}]}}