{"id":302888,"date":"2025-01-09T17:07:47","date_gmt":"2025-01-09T16:07:47","guid":{"rendered":"https:\/\/www.atta45.se\/e-butik\/produkt\/logoband-screentryckta\/"},"modified":"2025-10-28T02:59:43","modified_gmt":"2025-10-28T01:59:43","slug":"logoband-screentryckta","status":"publish","type":"product","link":"https:\/\/www.atta45.se\/e-butik\/produkt\/logoband-screentryckta\/","title":{"rendered":"Logoband Screentryckta"},"content":{"rendered":"<p>Klassikern. Plant polyesterband<\/p>\n<p>V\u00e4lj \u00f6nskade f\u00e4sten till produkten.<\/p>\n<p>Valfri bottenf\u00e4rg fr\u00e5n 300 st. Fler tillbeh\u00f6r \u00e4r m\u00f6jliga, kontakta oss f\u00f6r mer information om m\u00f6jligheterna till egen design.<\/p>\n","protected":false},"excerpt":{"rendered":"<p>Klassikern. Plant polyesterband V\u00e4lj \u00f6nskade f\u00e4sten till produkten. Valfri bottenf\u00e4rg fr\u00e5n 300 st. Fler tillbeh\u00f6r \u00e4r m\u00f6jliga, kontakta oss f\u00f6r mer information om m\u00f6jligheterna till egen design.<\/p>\n","protected":false},"featured_media":16580,"template":"","meta":{"_acf_changed":false,"_seopress_robots_primary_cat":"","_seopress_titles_title":"","_seopress_titles_desc":"","_seopress_robots_index":""},"product_brand":[],"product_cat":[15],"product_tag":[],"class_list":{"0":"post-302888","1":"product","2":"type-product","3":"status-publish","4":"has-post-thumbnail","6":"product_cat-okategoriserad","7":"atta45_taxonomy-logoband-sv","9":"first","10":"instock","11":"taxable","12":"shipping-taxable","13":"purchasable","14":"product-type-variable"},"acf":[],"_links":{"self":[{"href":"https:\/\/www.atta45.se\/e-butik\/wp-json\/wp\/v2\/product\/302888","targetHints":{"allow":["GET"]}}],"collection":[{"href":"https:\/\/www.atta45.se\/e-butik\/wp-json\/wp\/v2\/product"}],"about":[{"href":"https:\/\/www.atta45.se\/e-butik\/wp-json\/wp\/v2\/types\/product"}],"wp:featuredmedia":[{"embeddable":true,"href":"https:\/\/www.atta45.se\/e-butik\/wp-json\/wp\/v2\/media\/16580"}],"wp:attachment":[{"href":"https:\/\/www.atta45.se\/e-butik\/wp-json\/wp\/v2\/media?parent=302888"}],"wp:term":[{"taxonomy":"product_brand","embeddable":true,"href":"https:\/\/www.atta45.se\/e-butik\/wp-json\/wp\/v2\/product_brand?post=302888"},{"taxonomy":"product_cat","embeddable":true,"href":"https:\/\/www.atta45.se\/e-butik\/wp-json\/wp\/v2\/product_cat?post=302888"},{"taxonomy":"product_tag","embeddable":true,"href":"https:\/\/www.atta45.se\/e-butik\/wp-json\/wp\/v2\/product_tag?post=302888"}],"curies":[{"name":"wp","href":"https:\/\/api.w.org\/{rel}","templated":true}]}}