{"id":302646,"date":"2025-01-01T23:43:23","date_gmt":"2025-01-01T22:43:23","guid":{"rendered":"https:\/\/www.atta45.se\/e-butik\/produkt\/rollup-twin\/"},"modified":"2025-10-28T05:23:29","modified_gmt":"2025-10-28T04:23:29","slug":"rollup-twin","status":"publish","type":"product","link":"https:\/\/www.atta45.se\/e-butik\/produkt\/rollup-twin\/","title":{"rendered":"Rollup Twin"},"content":{"rendered":"<p>En rollup \u00e4r en mycket popul\u00e4r reklaml\u00f6sning. Detta \u00e4r en av de mest kompakta formerna av reklam &#8211; den k\u00e4nnetecknas av stor anv\u00e4ndarv\u00e4nlighet och enkel transport. Varje rollup best\u00e5r av grafik g\u00f6md i en aluminiumkassett och en tredelad ram f\u00f6rbunden med ett elastiskt band. Rollups \u00e4r f\u00f6rpackade i eleganta, svarta v\u00e4skor med ett bekv\u00e4mt handtag.<\/p>\n<p>Twin \u00e4r grundmodellen av en dubbelsidig rollup. Denna modell fungerar d\u00e4r grafisk presentation \u00e4r n\u00f6dv\u00e4ndig p\u00e5 b\u00e5da sidor.<\/p>\n<p>F\u00f6rdelar:<br \/>\n&#8211; Alternativ f\u00f6r tv\u00e5sidig grafikpresentation<br \/>\n&#8211; Grafiken \u00e4r tryckt p\u00e5 en h\u00f6gkvalitativ 450 g PVC-banner<br \/>\n&#8211; Finns i olika storlekar<br \/>\n&#8211; Toppen av masten sticker inte ut fr\u00e5n grafiken<br \/>\n&#8211; 3M-tejp &#8211; s\u00e4krar grafikf\u00e4stet till lindningssystemet<br \/>\n&#8211; Levereras separat i b\u00e4rv\u00e4skor<\/p>\n","protected":false},"excerpt":{"rendered":"<p>En rollup \u00e4r en mycket popul\u00e4r reklaml\u00f6sning. Detta \u00e4r en av de mest kompakta formerna av reklam &#8211; den k\u00e4nnetecknas av stor anv\u00e4ndarv\u00e4nlighet och enkel transport. Varje rollup best\u00e5r av grafik g\u00f6md i en aluminiumkassett och en tredelad ram f\u00f6rbunden med ett elastiskt band. Rollups \u00e4r f\u00f6rpackade i eleganta, svarta v\u00e4skor med ett bekv\u00e4mt handtag. [&hellip;]<\/p>\n","protected":false},"featured_media":32248,"template":"","meta":{"_acf_changed":false,"_seopress_robots_primary_cat":"none","_seopress_titles_title":"","_seopress_titles_desc":"","_seopress_robots_index":""},"product_brand":[],"product_cat":[15],"product_tag":[],"class_list":{"0":"post-302646","1":"product","2":"type-product","3":"status-publish","4":"has-post-thumbnail","6":"product_cat-okategoriserad","8":"first","9":"instock","10":"taxable","11":"shipping-taxable","12":"purchasable","13":"product-type-variable"},"acf":[],"_links":{"self":[{"href":"https:\/\/www.atta45.se\/e-butik\/wp-json\/wp\/v2\/product\/302646","targetHints":{"allow":["GET"]}}],"collection":[{"href":"https:\/\/www.atta45.se\/e-butik\/wp-json\/wp\/v2\/product"}],"about":[{"href":"https:\/\/www.atta45.se\/e-butik\/wp-json\/wp\/v2\/types\/product"}],"wp:featuredmedia":[{"embeddable":true,"href":"https:\/\/www.atta45.se\/e-butik\/wp-json\/wp\/v2\/media\/32248"}],"wp:attachment":[{"href":"https:\/\/www.atta45.se\/e-butik\/wp-json\/wp\/v2\/media?parent=302646"}],"wp:term":[{"taxonomy":"product_brand","embeddable":true,"href":"https:\/\/www.atta45.se\/e-butik\/wp-json\/wp\/v2\/product_brand?post=302646"},{"taxonomy":"product_cat","embeddable":true,"href":"https:\/\/www.atta45.se\/e-butik\/wp-json\/wp\/v2\/product_cat?post=302646"},{"taxonomy":"product_tag","embeddable":true,"href":"https:\/\/www.atta45.se\/e-butik\/wp-json\/wp\/v2\/product_tag?post=302646"}],"curies":[{"name":"wp","href":"https:\/\/api.w.org\/{rel}","templated":true}]}}