{"id":302614,"date":"2025-01-01T23:41:27","date_gmt":"2025-01-01T22:41:27","guid":{"rendered":"https:\/\/www.atta45.se\/e-butik\/produkt\/beanie-mossa\/"},"modified":"2025-10-28T05:20:58","modified_gmt":"2025-10-28T04:20:58","slug":"beanie-mossa","status":"publish","type":"product","link":"https:\/\/www.atta45.se\/e-butik\/produkt\/beanie-mossa\/","title":{"rendered":"Beanie m\u00f6ssa"},"content":{"rendered":"<p>M\u00f6ssor i dubbelt lager gjorda av 95% bomull och 5% elastan. Mycket flexibel och bekv\u00e4m f\u00f6r b\u00e5de l\u00f6pare och barn.<\/p>\n","protected":false},"excerpt":{"rendered":"<p>M\u00f6ssor i dubbelt lager gjorda av 95% bomull och 5% elastan. Mycket flexibel och bekv\u00e4m f\u00f6r b\u00e5de l\u00f6pare och barn.<\/p>\n","protected":false},"featured_media":302615,"template":"","meta":{"_acf_changed":false,"_seopress_robots_primary_cat":"","_seopress_titles_title":"","_seopress_titles_desc":"","_seopress_robots_index":""},"product_brand":[],"product_cat":[15],"product_tag":[],"class_list":{"0":"post-302614","1":"product","2":"type-product","3":"status-publish","4":"has-post-thumbnail","6":"product_cat-okategoriserad","7":"atta45_taxonomy-tema-inspiration-varumarken-great-reflectives-sv","8":"atta45_taxonomy-reflexer-verktyg-sakerhet-kepsar-mossor-sv","9":"atta45_taxonomy-kepsar-mossor-sv","10":"atta45_taxonomy-reflexer-kepsar-mossor-sv","11":"atta45_taxonomy-tema-inspiration-sasong-vinter-sv","13":"first","14":"instock","15":"taxable","16":"shipping-taxable","17":"purchasable","18":"product-type-variable"},"acf":[],"_links":{"self":[{"href":"https:\/\/www.atta45.se\/e-butik\/wp-json\/wp\/v2\/product\/302614","targetHints":{"allow":["GET"]}}],"collection":[{"href":"https:\/\/www.atta45.se\/e-butik\/wp-json\/wp\/v2\/product"}],"about":[{"href":"https:\/\/www.atta45.se\/e-butik\/wp-json\/wp\/v2\/types\/product"}],"wp:featuredmedia":[{"embeddable":true,"href":"https:\/\/www.atta45.se\/e-butik\/wp-json\/wp\/v2\/media\/302615"}],"wp:attachment":[{"href":"https:\/\/www.atta45.se\/e-butik\/wp-json\/wp\/v2\/media?parent=302614"}],"wp:term":[{"taxonomy":"product_brand","embeddable":true,"href":"https:\/\/www.atta45.se\/e-butik\/wp-json\/wp\/v2\/product_brand?post=302614"},{"taxonomy":"product_cat","embeddable":true,"href":"https:\/\/www.atta45.se\/e-butik\/wp-json\/wp\/v2\/product_cat?post=302614"},{"taxonomy":"product_tag","embeddable":true,"href":"https:\/\/www.atta45.se\/e-butik\/wp-json\/wp\/v2\/product_tag?post=302614"}],"curies":[{"name":"wp","href":"https:\/\/api.w.org\/{rel}","templated":true}]}}