{"id":301924,"date":"2025-01-01T23:21:14","date_gmt":"2025-01-01T22:21:14","guid":{"rendered":"https:\/\/www.atta45.se\/e-butik\/produkt\/twister-wood-with-wood-arm-usb-2-0\/"},"modified":"2025-10-28T05:07:05","modified_gmt":"2025-10-28T04:07:05","slug":"twister-wood-with-wood-arm-usb-2-0","status":"publish","type":"product","link":"https:\/\/www.atta45.se\/e-butik\/produkt\/twister-wood-with-wood-arm-usb-2-0\/","title":{"rendered":"USB 2.0 Twister i tr\u00e4 &#8211; vikbar"},"content":{"rendered":"<p>Vikbar modell i tr\u00e4. Finns i tr\u00e4slagen bambu och rosentr\u00e4.<\/p>\n","protected":false},"excerpt":{"rendered":"<p>Vikbar modell i tr\u00e4. Finns i tr\u00e4slagen bambu och rosentr\u00e4.<\/p>\n","protected":false},"featured_media":0,"template":"","meta":{"_acf_changed":false,"_seopress_robots_primary_cat":"","_seopress_titles_title":"","_seopress_titles_desc":"","_seopress_robots_index":""},"product_brand":[],"product_cat":[15],"product_tag":[],"class_list":{"0":"post-301924","1":"product","2":"type-product","3":"status-publish","5":"product_cat-okategoriserad","6":"atta45_taxonomy-elektronik-kontor-usb-minnen-sv","8":"first","9":"instock","10":"taxable","11":"shipping-taxable","12":"purchasable","13":"product-type-variable"},"acf":[],"_links":{"self":[{"href":"https:\/\/www.atta45.se\/e-butik\/wp-json\/wp\/v2\/product\/301924","targetHints":{"allow":["GET"]}}],"collection":[{"href":"https:\/\/www.atta45.se\/e-butik\/wp-json\/wp\/v2\/product"}],"about":[{"href":"https:\/\/www.atta45.se\/e-butik\/wp-json\/wp\/v2\/types\/product"}],"wp:attachment":[{"href":"https:\/\/www.atta45.se\/e-butik\/wp-json\/wp\/v2\/media?parent=301924"}],"wp:term":[{"taxonomy":"product_brand","embeddable":true,"href":"https:\/\/www.atta45.se\/e-butik\/wp-json\/wp\/v2\/product_brand?post=301924"},{"taxonomy":"product_cat","embeddable":true,"href":"https:\/\/www.atta45.se\/e-butik\/wp-json\/wp\/v2\/product_cat?post=301924"},{"taxonomy":"product_tag","embeddable":true,"href":"https:\/\/www.atta45.se\/e-butik\/wp-json\/wp\/v2\/product_tag?post=301924"}],"curies":[{"name":"wp","href":"https:\/\/api.w.org\/{rel}","templated":true}]}}