{"id":300822,"date":"2025-01-01T22:55:21","date_gmt":"2025-01-01T21:55:21","guid":{"rendered":"https:\/\/www.atta45.se\/e-butik\/produkt\/nano-twist-udp\/"},"modified":"2025-10-28T05:05:23","modified_gmt":"2025-10-28T04:05:23","slug":"nano-twist-udp","status":"publish","type":"product","link":"https:\/\/www.atta45.se\/e-butik\/produkt\/nano-twist-udp\/","title":{"rendered":"USB flash drive Nano Twist UDP"},"content":{"rendered":"<p>USB-minne och gem i ett! L\u00e4tt och enkelhet har gjort denna modell popul\u00e4r. L\u00e4tt att s\u00e4tta p\u00e5 nyckelringen.<\/p>\n","protected":false},"excerpt":{"rendered":"<p>USB-minne och gem i ett! L\u00e4tt och enkelhet har gjort denna modell popul\u00e4r. L\u00e4tt att s\u00e4tta p\u00e5 nyckelringen.<\/p>\n","protected":false},"featured_media":0,"template":"","meta":{"_acf_changed":false,"_seopress_robots_primary_cat":"","_seopress_titles_title":"","_seopress_titles_desc":"","_seopress_robots_index":""},"product_brand":[],"product_cat":[15],"product_tag":[],"class_list":{"0":"post-300822","1":"product","2":"type-product","3":"status-publish","5":"product_cat-okategoriserad","6":"atta45_taxonomy-elektronik-kontor-usb-minnen-sv","8":"first","9":"instock","10":"taxable","11":"shipping-taxable","12":"purchasable","13":"product-type-variable"},"acf":[],"_links":{"self":[{"href":"https:\/\/www.atta45.se\/e-butik\/wp-json\/wp\/v2\/product\/300822","targetHints":{"allow":["GET"]}}],"collection":[{"href":"https:\/\/www.atta45.se\/e-butik\/wp-json\/wp\/v2\/product"}],"about":[{"href":"https:\/\/www.atta45.se\/e-butik\/wp-json\/wp\/v2\/types\/product"}],"wp:attachment":[{"href":"https:\/\/www.atta45.se\/e-butik\/wp-json\/wp\/v2\/media?parent=300822"}],"wp:term":[{"taxonomy":"product_brand","embeddable":true,"href":"https:\/\/www.atta45.se\/e-butik\/wp-json\/wp\/v2\/product_brand?post=300822"},{"taxonomy":"product_cat","embeddable":true,"href":"https:\/\/www.atta45.se\/e-butik\/wp-json\/wp\/v2\/product_cat?post=300822"},{"taxonomy":"product_tag","embeddable":true,"href":"https:\/\/www.atta45.se\/e-butik\/wp-json\/wp\/v2\/product_tag?post=300822"}],"curies":[{"name":"wp","href":"https:\/\/api.w.org\/{rel}","templated":true}]}}