{"id":299900,"date":"2025-01-01T22:26:19","date_gmt":"2025-01-01T21:26:19","guid":{"rendered":"https:\/\/www.atta45.se\/e-butik\/produkt\/rubik-cube-usb-2-0\/"},"modified":"2025-10-28T05:03:11","modified_gmt":"2025-10-28T04:03:11","slug":"rubik-cube-usb-2-0","status":"publish","type":"product","link":"https:\/\/www.atta45.se\/e-butik\/produkt\/rubik-cube-usb-2-0\/","title":{"rendered":"USB 2.0 Rubik cube"},"content":{"rendered":"<p>Vrid kuben och USB dyker inkl. med en mobil rem. Finns i standardf\u00e4rger p\u00e5 kuber eller kan g\u00f6ras med egna f\u00e4rger. Skriv ut p\u00e5 en eller alla kuber m\u00f6jligt.<\/p>\n","protected":false},"excerpt":{"rendered":"<p>Vrid kuben och USB dyker inkl. med en mobil rem. Finns i standardf\u00e4rger p\u00e5 kuber eller kan g\u00f6ras med egna f\u00e4rger. Skriv ut p\u00e5 en eller alla kuber m\u00f6jligt.<\/p>\n","protected":false},"featured_media":0,"template":"","meta":{"_acf_changed":false,"_seopress_robots_primary_cat":"","_seopress_titles_title":"","_seopress_titles_desc":"","_seopress_robots_index":""},"product_brand":[],"product_cat":[15],"product_tag":[],"class_list":{"0":"post-299900","1":"product","2":"type-product","3":"status-publish","5":"product_cat-okategoriserad","6":"atta45_taxonomy-elektronik-kontor-usb-minnen-sv","8":"first","9":"instock","10":"taxable","11":"shipping-taxable","12":"purchasable","13":"product-type-variable"},"acf":[],"_links":{"self":[{"href":"https:\/\/www.atta45.se\/e-butik\/wp-json\/wp\/v2\/product\/299900","targetHints":{"allow":["GET"]}}],"collection":[{"href":"https:\/\/www.atta45.se\/e-butik\/wp-json\/wp\/v2\/product"}],"about":[{"href":"https:\/\/www.atta45.se\/e-butik\/wp-json\/wp\/v2\/types\/product"}],"wp:attachment":[{"href":"https:\/\/www.atta45.se\/e-butik\/wp-json\/wp\/v2\/media?parent=299900"}],"wp:term":[{"taxonomy":"product_brand","embeddable":true,"href":"https:\/\/www.atta45.se\/e-butik\/wp-json\/wp\/v2\/product_brand?post=299900"},{"taxonomy":"product_cat","embeddable":true,"href":"https:\/\/www.atta45.se\/e-butik\/wp-json\/wp\/v2\/product_cat?post=299900"},{"taxonomy":"product_tag","embeddable":true,"href":"https:\/\/www.atta45.se\/e-butik\/wp-json\/wp\/v2\/product_tag?post=299900"}],"curies":[{"name":"wp","href":"https:\/\/api.w.org\/{rel}","templated":true}]}}