{"id":299434,"date":"2025-01-01T22:13:21","date_gmt":"2025-01-01T21:13:21","guid":{"rendered":"https:\/\/www.atta45.se\/e-butik\/produkt\/slide-usb-3-0\/"},"modified":"2025-10-28T05:02:26","modified_gmt":"2025-10-28T04:02:26","slug":"slide-usb-3-0","status":"publish","type":"product","link":"https:\/\/www.atta45.se\/e-butik\/produkt\/slide-usb-3-0\/","title":{"rendered":"USB 3.0 Slide"},"content":{"rendered":"<p>Elegant och robust aluminiumskal och pressa ut funktion. USB 3.0 Push \u00e4r v\u00e5r snabbaste USB-minne med hastigheter p\u00e5 upp till 180 MB \/ s l\u00e4s och 80MB \/ s skrivhastighet<\/p>\n","protected":false},"excerpt":{"rendered":"<p>Elegant och robust aluminiumskal och pressa ut funktion. USB 3.0 Push \u00e4r v\u00e5r snabbaste USB-minne med hastigheter p\u00e5 upp till 180 MB \/ s l\u00e4s och 80MB \/ s skrivhastighet<\/p>\n","protected":false},"featured_media":0,"template":"","meta":{"_acf_changed":false,"_seopress_robots_primary_cat":"","_seopress_titles_title":"","_seopress_titles_desc":"","_seopress_robots_index":""},"product_brand":[],"product_cat":[15],"product_tag":[],"class_list":{"0":"post-299434","1":"product","2":"type-product","3":"status-publish","5":"product_cat-okategoriserad","6":"atta45_taxonomy-elektronik-kontor-usb-minnen-sv","8":"first","9":"instock","10":"taxable","11":"shipping-taxable","12":"purchasable","13":"product-type-variable"},"acf":[],"_links":{"self":[{"href":"https:\/\/www.atta45.se\/e-butik\/wp-json\/wp\/v2\/product\/299434","targetHints":{"allow":["GET"]}}],"collection":[{"href":"https:\/\/www.atta45.se\/e-butik\/wp-json\/wp\/v2\/product"}],"about":[{"href":"https:\/\/www.atta45.se\/e-butik\/wp-json\/wp\/v2\/types\/product"}],"wp:attachment":[{"href":"https:\/\/www.atta45.se\/e-butik\/wp-json\/wp\/v2\/media?parent=299434"}],"wp:term":[{"taxonomy":"product_brand","embeddable":true,"href":"https:\/\/www.atta45.se\/e-butik\/wp-json\/wp\/v2\/product_brand?post=299434"},{"taxonomy":"product_cat","embeddable":true,"href":"https:\/\/www.atta45.se\/e-butik\/wp-json\/wp\/v2\/product_cat?post=299434"},{"taxonomy":"product_tag","embeddable":true,"href":"https:\/\/www.atta45.se\/e-butik\/wp-json\/wp\/v2\/product_tag?post=299434"}],"curies":[{"name":"wp","href":"https:\/\/api.w.org\/{rel}","templated":true}]}}