{"id":297326,"date":"2025-01-01T21:20:34","date_gmt":"2025-01-01T20:20:34","guid":{"rendered":"https:\/\/www.atta45.se\/e-butik\/produkt\/crystal-usb-2-0\/"},"modified":"2025-10-28T04:58:27","modified_gmt":"2025-10-28T03:58:27","slug":"crystal-usb-2-0","status":"publish","type":"product","link":"https:\/\/www.atta45.se\/e-butik\/produkt\/crystal-usb-2-0\/","title":{"rendered":"USB 2.0 Crystal"},"content":{"rendered":"<p>G\u00f6r din logotyp lyser i f\u00e4rg med Crystal USB. Tillverkad av en transparent akrylplast , har din logotyp ytan 3D ingraverat. The Crystal lyser en av fyra f\u00e4rger n\u00e4r den \u00e4r inkopplad. Logotypen kommer verkligen lysa upp medthis design<\/p>\n","protected":false},"excerpt":{"rendered":"<p>G\u00f6r din logotyp lyser i f\u00e4rg med Crystal USB. Tillverkad av en transparent akrylplast , har din logotyp ytan 3D ingraverat. The Crystal lyser en av fyra f\u00e4rger n\u00e4r den \u00e4r inkopplad. Logotypen kommer verkligen lysa upp medthis design<\/p>\n","protected":false},"featured_media":0,"template":"","meta":{"_acf_changed":false,"_seopress_robots_primary_cat":"","_seopress_titles_title":"","_seopress_titles_desc":"","_seopress_robots_index":""},"product_brand":[],"product_cat":[15],"product_tag":[],"class_list":{"0":"post-297326","1":"product","2":"type-product","3":"status-publish","5":"product_cat-okategoriserad","6":"atta45_taxonomy-elektronik-kontor-usb-minnen-sv","8":"first","9":"instock","10":"taxable","11":"shipping-taxable","12":"purchasable","13":"product-type-variable"},"acf":[],"_links":{"self":[{"href":"https:\/\/www.atta45.se\/e-butik\/wp-json\/wp\/v2\/product\/297326","targetHints":{"allow":["GET"]}}],"collection":[{"href":"https:\/\/www.atta45.se\/e-butik\/wp-json\/wp\/v2\/product"}],"about":[{"href":"https:\/\/www.atta45.se\/e-butik\/wp-json\/wp\/v2\/types\/product"}],"wp:attachment":[{"href":"https:\/\/www.atta45.se\/e-butik\/wp-json\/wp\/v2\/media?parent=297326"}],"wp:term":[{"taxonomy":"product_brand","embeddable":true,"href":"https:\/\/www.atta45.se\/e-butik\/wp-json\/wp\/v2\/product_brand?post=297326"},{"taxonomy":"product_cat","embeddable":true,"href":"https:\/\/www.atta45.se\/e-butik\/wp-json\/wp\/v2\/product_cat?post=297326"},{"taxonomy":"product_tag","embeddable":true,"href":"https:\/\/www.atta45.se\/e-butik\/wp-json\/wp\/v2\/product_tag?post=297326"}],"curies":[{"name":"wp","href":"https:\/\/api.w.org\/{rel}","templated":true}]}}