{"id":29495,"date":"2024-12-26T16:46:14","date_gmt":"2024-12-26T15:46:14","guid":{"rendered":"https:\/\/www.atta45.se\/e-butik\/?post_type=product&#038;p=29495"},"modified":"2025-10-28T03:55:48","modified_gmt":"2025-10-28T02:55:48","slug":"solcellsladdare-4000-mah-sport-vattensaker","status":"publish","type":"product","link":"https:\/\/www.atta45.se\/e-butik\/produkt\/solcellsladdare-4000-mah-sport-vattensaker\/","title":{"rendered":"Solcellsladdare  4000 mAh Sport Vattens\u00e4ker"},"content":{"rendered":"<p>Ladda elektroniken med solkraft. Robust design med skal av silikon. Med IC-skydd f\u00f6r att undvika \u00f6verladdning och kortslutning. Passar de flesta smartphones och elektroniska apparater med DC 5V-koppling. Input\/output 5V1.0A. RoHS.<\/p>\n","protected":false},"excerpt":{"rendered":"<p>Ladda elektroniken med solkraft. Robust design med skal av silikon. Med IC-skydd f\u00f6r att undvika \u00f6verladdning och kortslutning. Passar de flesta smartphones och elektroniska apparater med DC 5V-koppling. Input\/output 5V1.0A. RoHS.<\/p>\n","protected":false},"featured_media":29496,"template":"","meta":{"_acf_changed":false,"_seopress_robots_primary_cat":"","_seopress_titles_title":"","_seopress_titles_desc":"","_seopress_robots_index":""},"product_brand":[],"product_cat":[15],"product_tag":[],"class_list":{"0":"post-29495","1":"product","2":"type-product","3":"status-publish","4":"has-post-thumbnail","6":"product_cat-okategoriserad","7":"atta45_taxonomy-mobiltillbehor-sv","8":"atta45_taxonomy-elektronik-kontor-powerbank-speakers-sv","9":"atta45_taxonomy-trading-elektronik-mobiltillbehor-powerbank-speakers-sv","10":"atta45_taxonomy-miljo-solcellsdriven-sv","12":"first","13":"instock","14":"taxable","15":"shipping-taxable","16":"purchasable","17":"product-type-variable"},"acf":[],"_links":{"self":[{"href":"https:\/\/www.atta45.se\/e-butik\/wp-json\/wp\/v2\/product\/29495","targetHints":{"allow":["GET"]}}],"collection":[{"href":"https:\/\/www.atta45.se\/e-butik\/wp-json\/wp\/v2\/product"}],"about":[{"href":"https:\/\/www.atta45.se\/e-butik\/wp-json\/wp\/v2\/types\/product"}],"wp:featuredmedia":[{"embeddable":true,"href":"https:\/\/www.atta45.se\/e-butik\/wp-json\/wp\/v2\/media\/29496"}],"wp:attachment":[{"href":"https:\/\/www.atta45.se\/e-butik\/wp-json\/wp\/v2\/media?parent=29495"}],"wp:term":[{"taxonomy":"product_brand","embeddable":true,"href":"https:\/\/www.atta45.se\/e-butik\/wp-json\/wp\/v2\/product_brand?post=29495"},{"taxonomy":"product_cat","embeddable":true,"href":"https:\/\/www.atta45.se\/e-butik\/wp-json\/wp\/v2\/product_cat?post=29495"},{"taxonomy":"product_tag","embeddable":true,"href":"https:\/\/www.atta45.se\/e-butik\/wp-json\/wp\/v2\/product_tag?post=29495"}],"curies":[{"name":"wp","href":"https:\/\/api.w.org\/{rel}","templated":true}]}}