{"id":294474,"date":"2025-01-01T20:08:46","date_gmt":"2025-01-01T19:08:46","guid":{"rendered":"https:\/\/www.atta45.se\/e-butik\/produkt\/tryckta-marken\/"},"modified":"2025-10-28T03:50:48","modified_gmt":"2025-10-28T02:50:48","slug":"tryckta-marken","status":"publish","type":"product","link":"https:\/\/www.atta45.se\/e-butik\/produkt\/tryckta-marken\/","title":{"rendered":"Tryckta m\u00e4rken"},"content":{"rendered":"<p>Tryckta emblem (Heat Transfer Dye Sublimated emblem) \u00e4r det enda s\u00e4ttet att f\u00e5 en perfekt design p\u00e5 ditt m\u00e4rke.<br \/>Skapas via en process som kallas f\u00e4rgsublimering.<br \/>Effekten av tryckta m\u00e4rken sticker ut. Den typ av detaljrikedom kan helt enkelt inte matchas av broderade eller v\u00e4vda m\u00e4rken..<\/p>\n<p>Priserna inkluderar fullf\u00e4rgstryck <\/p>\n<p>Ber\u00e4kna storleken av en rektangel om ditt m\u00e4rke har oregelbuden form.<\/p>\n<p>Anv\u00e4nd f\u00f6ljande formel:<br \/>(L\u00e4ngd + Bredd) \/ 2 = Debiterat pris<\/p>\n<p>V\u00e4lj vilken typ av kant eller baksida ni \u00f6nskar.<\/p>\n","protected":false},"excerpt":{"rendered":"<p>Tryckta emblem (Heat Transfer Dye Sublimated emblem) \u00e4r det enda s\u00e4ttet att f\u00e5 en perfekt design p\u00e5 ditt m\u00e4rke.Skapas via en process som kallas f\u00e4rgsublimering.Effekten av tryckta m\u00e4rken sticker ut. Den typ av detaljrikedom kan helt enkelt inte matchas av broderade eller v\u00e4vda m\u00e4rken.. Priserna inkluderar fullf\u00e4rgstryck Ber\u00e4kna storleken av en rektangel om ditt m\u00e4rke [&hellip;]<\/p>\n","protected":false},"featured_media":294475,"template":"","meta":{"_acf_changed":false,"_seopress_robots_primary_cat":"","_seopress_titles_title":"","_seopress_titles_desc":"","_seopress_robots_index":""},"product_brand":[],"product_cat":[15],"product_tag":[],"class_list":{"0":"post-294474","1":"product","2":"type-product","3":"status-publish","4":"has-post-thumbnail","6":"product_cat-okategoriserad","7":"atta45_taxonomy-textil-tryckta-marken-sv","8":"atta45_taxonomy-tema-inspiration-varumarken-ycp-sv","10":"first","11":"instock","12":"taxable","13":"shipping-taxable","14":"purchasable","15":"product-type-variable"},"acf":[],"_links":{"self":[{"href":"https:\/\/www.atta45.se\/e-butik\/wp-json\/wp\/v2\/product\/294474","targetHints":{"allow":["GET"]}}],"collection":[{"href":"https:\/\/www.atta45.se\/e-butik\/wp-json\/wp\/v2\/product"}],"about":[{"href":"https:\/\/www.atta45.se\/e-butik\/wp-json\/wp\/v2\/types\/product"}],"wp:featuredmedia":[{"embeddable":true,"href":"https:\/\/www.atta45.se\/e-butik\/wp-json\/wp\/v2\/media\/294475"}],"wp:attachment":[{"href":"https:\/\/www.atta45.se\/e-butik\/wp-json\/wp\/v2\/media?parent=294474"}],"wp:term":[{"taxonomy":"product_brand","embeddable":true,"href":"https:\/\/www.atta45.se\/e-butik\/wp-json\/wp\/v2\/product_brand?post=294474"},{"taxonomy":"product_cat","embeddable":true,"href":"https:\/\/www.atta45.se\/e-butik\/wp-json\/wp\/v2\/product_cat?post=294474"},{"taxonomy":"product_tag","embeddable":true,"href":"https:\/\/www.atta45.se\/e-butik\/wp-json\/wp\/v2\/product_tag?post=294474"}],"curies":[{"name":"wp","href":"https:\/\/api.w.org\/{rel}","templated":true}]}}