{"id":294390,"date":"2025-01-01T20:06:40","date_gmt":"2025-01-01T19:06:40","guid":{"rendered":"https:\/\/www.atta45.se\/e-butik\/produkt\/vavda-marken\/"},"modified":"2025-10-28T03:50:36","modified_gmt":"2025-10-28T02:50:36","slug":"vavda-marken","status":"publish","type":"product","link":"https:\/\/www.atta45.se\/e-butik\/produkt\/vavda-marken\/","title":{"rendered":"V\u00e4vda m\u00e4rken"},"content":{"rendered":"<p>Ett v\u00e4vt m\u00e4rke f\u00e5r det exklusiva utseendet av ett broderat m\u00e4rke, med en elegant k\u00e4nsla och de fina detaljerna hos v\u00e4vda etiketter.<\/p>\n<p>Priserna inkluderar upp till \u00e5tta v\u00e4vf\u00e4rger.<\/p>\n<p>Ber\u00e4kna storleken av en rektangel om ditt m\u00e4rke har oregelbuden form.<\/p>\n<p>Anv\u00e4nd f\u00f6ljande formel:<br \/>(L\u00e4ngd + Bredd) \/ 2 = Debiterat pris<\/p>\n<p>V\u00e4lj vilken typ av kant eller baksida ni \u00f6nskar.<\/p>\n","protected":false},"excerpt":{"rendered":"<p>Ett v\u00e4vt m\u00e4rke f\u00e5r det exklusiva utseendet av ett broderat m\u00e4rke, med en elegant k\u00e4nsla och de fina detaljerna hos v\u00e4vda etiketter. Priserna inkluderar upp till \u00e5tta v\u00e4vf\u00e4rger. Ber\u00e4kna storleken av en rektangel om ditt m\u00e4rke har oregelbuden form. Anv\u00e4nd f\u00f6ljande formel:(L\u00e4ngd + Bredd) \/ 2 = Debiterat pris V\u00e4lj vilken typ av kant eller [&hellip;]<\/p>\n","protected":false},"featured_media":294391,"template":"","meta":{"_acf_changed":false,"_seopress_robots_primary_cat":"","_seopress_titles_title":"","_seopress_titles_desc":"","_seopress_robots_index":""},"product_brand":[],"product_cat":[15],"product_tag":[],"class_list":{"0":"post-294390","1":"product","2":"type-product","3":"status-publish","4":"has-post-thumbnail","6":"product_cat-okategoriserad","7":"atta45_taxonomy-textil-vavda-marken-sv","8":"atta45_taxonomy-tema-inspiration-varumarken-ycp-sv","10":"first","11":"instock","12":"taxable","13":"shipping-taxable","14":"purchasable","15":"product-type-variable"},"acf":[],"_links":{"self":[{"href":"https:\/\/www.atta45.se\/e-butik\/wp-json\/wp\/v2\/product\/294390","targetHints":{"allow":["GET"]}}],"collection":[{"href":"https:\/\/www.atta45.se\/e-butik\/wp-json\/wp\/v2\/product"}],"about":[{"href":"https:\/\/www.atta45.se\/e-butik\/wp-json\/wp\/v2\/types\/product"}],"wp:featuredmedia":[{"embeddable":true,"href":"https:\/\/www.atta45.se\/e-butik\/wp-json\/wp\/v2\/media\/294391"}],"wp:attachment":[{"href":"https:\/\/www.atta45.se\/e-butik\/wp-json\/wp\/v2\/media?parent=294390"}],"wp:term":[{"taxonomy":"product_brand","embeddable":true,"href":"https:\/\/www.atta45.se\/e-butik\/wp-json\/wp\/v2\/product_brand?post=294390"},{"taxonomy":"product_cat","embeddable":true,"href":"https:\/\/www.atta45.se\/e-butik\/wp-json\/wp\/v2\/product_cat?post=294390"},{"taxonomy":"product_tag","embeddable":true,"href":"https:\/\/www.atta45.se\/e-butik\/wp-json\/wp\/v2\/product_tag?post=294390"}],"curies":[{"name":"wp","href":"https:\/\/api.w.org\/{rel}","templated":true}]}}