{"id":294348,"date":"2025-01-01T20:05:19","date_gmt":"2025-01-01T19:05:19","guid":{"rendered":"https:\/\/www.atta45.se\/e-butik\/produkt\/broderade-marken\/"},"modified":"2025-10-28T03:50:20","modified_gmt":"2025-10-28T02:50:20","slug":"broderade-marken","status":"publish","type":"product","link":"https:\/\/www.atta45.se\/e-butik\/produkt\/broderade-marken\/","title":{"rendered":"Broderade m\u00e4rken"},"content":{"rendered":"<p>Maskinbroderade m\u00e4rken, inkl. upp till 75 % brodyr och i 8 f\u00e4rger. <\/p>\n<p>Storleksutr\u00e4kning:<br \/>L\u00e4ngd + Bredd \/ 2<\/p>\n<p>Exempel 55 + 70 mm = 62,5 mm<br \/>V\u00e4lj n\u00e4rmsta storlek \u00f6ver detta tal.<\/p>\n<p>V\u00e4lj vilken typ av kant eller baksida ni \u00f6nskar.<\/p>\n","protected":false},"excerpt":{"rendered":"<p>Maskinbroderade m\u00e4rken, inkl. upp till 75 % brodyr och i 8 f\u00e4rger. Storleksutr\u00e4kning:L\u00e4ngd + Bredd \/ 2 Exempel 55 + 70 mm = 62,5 mmV\u00e4lj n\u00e4rmsta storlek \u00f6ver detta tal. V\u00e4lj vilken typ av kant eller baksida ni \u00f6nskar.<\/p>\n","protected":false},"featured_media":294349,"template":"","meta":{"_acf_changed":false,"_seopress_robots_primary_cat":"","_seopress_titles_title":"","_seopress_titles_desc":"","_seopress_robots_index":""},"product_brand":[],"product_cat":[15],"product_tag":[],"class_list":{"0":"post-294348","1":"product","2":"type-product","3":"status-publish","4":"has-post-thumbnail","6":"product_cat-okategoriserad","7":"atta45_taxonomy-textil-broderade-marken-sv","8":"atta45_taxonomy-tema-inspiration-varumarken-ycp-sv","10":"first","11":"instock","12":"taxable","13":"shipping-taxable","14":"purchasable","15":"product-type-variable"},"acf":[],"_links":{"self":[{"href":"https:\/\/www.atta45.se\/e-butik\/wp-json\/wp\/v2\/product\/294348","targetHints":{"allow":["GET"]}}],"collection":[{"href":"https:\/\/www.atta45.se\/e-butik\/wp-json\/wp\/v2\/product"}],"about":[{"href":"https:\/\/www.atta45.se\/e-butik\/wp-json\/wp\/v2\/types\/product"}],"wp:featuredmedia":[{"embeddable":true,"href":"https:\/\/www.atta45.se\/e-butik\/wp-json\/wp\/v2\/media\/294349"}],"wp:attachment":[{"href":"https:\/\/www.atta45.se\/e-butik\/wp-json\/wp\/v2\/media?parent=294348"}],"wp:term":[{"taxonomy":"product_brand","embeddable":true,"href":"https:\/\/www.atta45.se\/e-butik\/wp-json\/wp\/v2\/product_brand?post=294348"},{"taxonomy":"product_cat","embeddable":true,"href":"https:\/\/www.atta45.se\/e-butik\/wp-json\/wp\/v2\/product_cat?post=294348"},{"taxonomy":"product_tag","embeddable":true,"href":"https:\/\/www.atta45.se\/e-butik\/wp-json\/wp\/v2\/product_tag?post=294348"}],"curies":[{"name":"wp","href":"https:\/\/api.w.org\/{rel}","templated":true}]}}