{"id":294318,"date":"2025-01-01T20:00:13","date_gmt":"2025-01-01T19:00:13","guid":{"rendered":"https:\/\/www.atta45.se\/e-butik\/produkt\/vavda-etiketter-i-satang-40-mm\/"},"modified":"2025-10-28T03:49:23","modified_gmt":"2025-10-28T02:49:23","slug":"vavda-etiketter-i-satang-40-mm","status":"publish","type":"product","link":"https:\/\/www.atta45.se\/e-butik\/produkt\/vavda-etiketter-i-satang-40-mm\/","title":{"rendered":"V\u00e4vda etiketter i Sat\u00e4ng (40 mm)"},"content":{"rendered":"<p>V\u00e4vda etiketter gjorda i sat\u00e4ng. Med eller utan vikning, needle loom.<\/p>\n","protected":false},"excerpt":{"rendered":"<p>V\u00e4vda etiketter gjorda i sat\u00e4ng. Med eller utan vikning, needle loom.<\/p>\n","protected":false},"featured_media":0,"template":"","meta":{"_acf_changed":false,"_seopress_robots_primary_cat":"","_seopress_titles_title":"","_seopress_titles_desc":"","_seopress_robots_index":""},"product_brand":[],"product_cat":[15],"product_tag":[],"class_list":{"0":"post-294318","1":"product","2":"type-product","3":"status-publish","5":"product_cat-okategoriserad","6":"atta45_taxonomy-textil-etiketter-sv","7":"atta45_taxonomy-tema-inspiration-varumarken-ycp-sv","9":"first","10":"instock","11":"taxable","12":"shipping-taxable","13":"purchasable","14":"product-type-variable"},"acf":[],"_links":{"self":[{"href":"https:\/\/www.atta45.se\/e-butik\/wp-json\/wp\/v2\/product\/294318","targetHints":{"allow":["GET"]}}],"collection":[{"href":"https:\/\/www.atta45.se\/e-butik\/wp-json\/wp\/v2\/product"}],"about":[{"href":"https:\/\/www.atta45.se\/e-butik\/wp-json\/wp\/v2\/types\/product"}],"wp:attachment":[{"href":"https:\/\/www.atta45.se\/e-butik\/wp-json\/wp\/v2\/media?parent=294318"}],"wp:term":[{"taxonomy":"product_brand","embeddable":true,"href":"https:\/\/www.atta45.se\/e-butik\/wp-json\/wp\/v2\/product_brand?post=294318"},{"taxonomy":"product_cat","embeddable":true,"href":"https:\/\/www.atta45.se\/e-butik\/wp-json\/wp\/v2\/product_cat?post=294318"},{"taxonomy":"product_tag","embeddable":true,"href":"https:\/\/www.atta45.se\/e-butik\/wp-json\/wp\/v2\/product_tag?post=294318"}],"curies":[{"name":"wp","href":"https:\/\/api.w.org\/{rel}","templated":true}]}}