{"id":29427,"date":"2024-12-26T16:43:07","date_gmt":"2024-12-26T15:43:07","guid":{"rendered":"https:\/\/www.atta45.se\/e-butik\/?post_type=product&#038;p=29427"},"modified":"2025-10-28T03:54:50","modified_gmt":"2025-10-28T02:54:50","slug":"powerbank-10400-mah-singel","status":"publish","type":"product","link":"https:\/\/www.atta45.se\/e-butik\/produkt\/powerbank-10400-mah-singel\/","title":{"rendered":"Powerbank 10400 mAh Singel"},"content":{"rendered":"<p>Liten men kraftfull laddare p\u00e5 10400 mAh. Kablar och tillbeh\u00f6r ing\u00e5r. Input 5V1.0 Output 5V2.1A<\/p>\n","protected":false},"excerpt":{"rendered":"<p>Liten men kraftfull laddare p\u00e5 10400 mAh. Kablar och tillbeh\u00f6r ing\u00e5r. Input 5V1.0 Output 5V2.1A<\/p>\n","protected":false},"featured_media":29428,"template":"","meta":{"_acf_changed":false,"_seopress_robots_primary_cat":"","_seopress_titles_title":"","_seopress_titles_desc":"","_seopress_robots_index":""},"product_brand":[],"product_cat":[15],"product_tag":[],"class_list":{"0":"post-29427","1":"product","2":"type-product","3":"status-publish","4":"has-post-thumbnail","6":"product_cat-okategoriserad","7":"atta45_taxonomy-mobiltillbehor-sv","8":"atta45_taxonomy-trading-elektronik-mobiltillbehor-powerbank-speakers-sv","9":"atta45_taxonomy-elektronik-kontor-powerbank-speakers-sv","11":"first","12":"instock","13":"taxable","14":"shipping-taxable","15":"purchasable","16":"product-type-variable"},"acf":[],"_links":{"self":[{"href":"https:\/\/www.atta45.se\/e-butik\/wp-json\/wp\/v2\/product\/29427","targetHints":{"allow":["GET"]}}],"collection":[{"href":"https:\/\/www.atta45.se\/e-butik\/wp-json\/wp\/v2\/product"}],"about":[{"href":"https:\/\/www.atta45.se\/e-butik\/wp-json\/wp\/v2\/types\/product"}],"wp:featuredmedia":[{"embeddable":true,"href":"https:\/\/www.atta45.se\/e-butik\/wp-json\/wp\/v2\/media\/29428"}],"wp:attachment":[{"href":"https:\/\/www.atta45.se\/e-butik\/wp-json\/wp\/v2\/media?parent=29427"}],"wp:term":[{"taxonomy":"product_brand","embeddable":true,"href":"https:\/\/www.atta45.se\/e-butik\/wp-json\/wp\/v2\/product_brand?post=29427"},{"taxonomy":"product_cat","embeddable":true,"href":"https:\/\/www.atta45.se\/e-butik\/wp-json\/wp\/v2\/product_cat?post=29427"},{"taxonomy":"product_tag","embeddable":true,"href":"https:\/\/www.atta45.se\/e-butik\/wp-json\/wp\/v2\/product_tag?post=29427"}],"curies":[{"name":"wp","href":"https:\/\/api.w.org\/{rel}","templated":true}]}}