{"id":294224,"date":"2025-01-01T19:49:52","date_gmt":"2025-01-01T18:49:52","guid":{"rendered":"https:\/\/www.atta45.se\/e-butik\/produkt\/vavda-bagageband-1500-mm\/"},"modified":"2025-10-28T03:31:09","modified_gmt":"2025-10-28T02:31:09","slug":"vavda-bagageband-1500-mm","status":"publish","type":"product","link":"https:\/\/www.atta45.se\/e-butik\/produkt\/vavda-bagageband-1500-mm\/","title":{"rendered":"Bagageband V\u00e4vda bagageband (1500 mm)"},"content":{"rendered":"<p>Ett bagageband g\u00f6r det enkelt att identifiera och hitta din v\u00e4ska. Band i valfri f\u00e4rg.<\/p>\n<p>Priset inkluderar 1-2 f\u00e4rgers v\u00e4vd logo<\/p>\n<p>Svart plastsp\u00e4nne och l\u00e4ngdjusterare. Kontakta oss g\u00e4rna f\u00f6r fler alternativ i egen design.<\/p>\n","protected":false},"excerpt":{"rendered":"<p>Ett bagageband g\u00f6r det enkelt att identifiera och hitta din v\u00e4ska. Band i valfri f\u00e4rg. Priset inkluderar 1-2 f\u00e4rgers v\u00e4vd logo Svart plastsp\u00e4nne och l\u00e4ngdjusterare. Kontakta oss g\u00e4rna f\u00f6r fler alternativ i egen design.<\/p>\n","protected":false},"featured_media":294225,"template":"","meta":{"_acf_changed":false,"_seopress_robots_primary_cat":"","_seopress_titles_title":"","_seopress_titles_desc":"","_seopress_robots_index":""},"product_brand":[],"product_cat":[15],"product_tag":[],"class_list":{"0":"post-294224","1":"product","2":"type-product","3":"status-publish","4":"has-post-thumbnail","6":"product_cat-okategoriserad","7":"atta45_taxonomy-vaskor-resetillbehor-bagageband-sv","8":"atta45_taxonomy-tema-inspiration-varumarken-ycp-sv","10":"first","11":"instock","12":"taxable","13":"shipping-taxable","14":"purchasable","15":"product-type-variable"},"acf":[],"_links":{"self":[{"href":"https:\/\/www.atta45.se\/e-butik\/wp-json\/wp\/v2\/product\/294224","targetHints":{"allow":["GET"]}}],"collection":[{"href":"https:\/\/www.atta45.se\/e-butik\/wp-json\/wp\/v2\/product"}],"about":[{"href":"https:\/\/www.atta45.se\/e-butik\/wp-json\/wp\/v2\/types\/product"}],"wp:featuredmedia":[{"embeddable":true,"href":"https:\/\/www.atta45.se\/e-butik\/wp-json\/wp\/v2\/media\/294225"}],"wp:attachment":[{"href":"https:\/\/www.atta45.se\/e-butik\/wp-json\/wp\/v2\/media?parent=294224"}],"wp:term":[{"taxonomy":"product_brand","embeddable":true,"href":"https:\/\/www.atta45.se\/e-butik\/wp-json\/wp\/v2\/product_brand?post=294224"},{"taxonomy":"product_cat","embeddable":true,"href":"https:\/\/www.atta45.se\/e-butik\/wp-json\/wp\/v2\/product_cat?post=294224"},{"taxonomy":"product_tag","embeddable":true,"href":"https:\/\/www.atta45.se\/e-butik\/wp-json\/wp\/v2\/product_tag?post=294224"}],"curies":[{"name":"wp","href":"https:\/\/api.w.org\/{rel}","templated":true}]}}