{"id":29421,"date":"2024-12-26T16:43:02","date_gmt":"2024-12-26T15:43:02","guid":{"rendered":"https:\/\/www.atta45.se\/e-butik\/?post_type=product&#038;p=29421"},"modified":"2025-10-28T03:54:39","modified_gmt":"2025-10-28T02:54:39","slug":"powerbank-i-egen-design-2-3d","status":"publish","type":"product","link":"https:\/\/www.atta45.se\/e-butik\/produkt\/powerbank-i-egen-design-2-3d\/","title":{"rendered":"Powerbank i egen design 2-3D"},"content":{"rendered":"<p>Laddare i egen form, 2600 mAh, med skal av PVC. Kontakta oss g\u00e4rna f\u00f6r hj\u00e4lp med design. Input\/output 5V1.0A. RoHS.<\/p>\n<p>V\u00e4lj \u00f6nskade kablar bland v\u00e5ra tillbeh\u00f6r.<\/p>\n","protected":false},"excerpt":{"rendered":"<p>Laddare i egen form, 2600 mAh, med skal av PVC. Kontakta oss g\u00e4rna f\u00f6r hj\u00e4lp med design. Input\/output 5V1.0A. RoHS. V\u00e4lj \u00f6nskade kablar bland v\u00e5ra tillbeh\u00f6r.<\/p>\n","protected":false},"featured_media":29422,"template":"","meta":{"_acf_changed":false,"_seopress_robots_primary_cat":"","_seopress_titles_title":"","_seopress_titles_desc":"","_seopress_robots_index":""},"product_brand":[],"product_cat":[15],"product_tag":[],"class_list":{"0":"post-29421","1":"product","2":"type-product","3":"status-publish","4":"has-post-thumbnail","6":"product_cat-okategoriserad","7":"atta45_taxonomy-mobiltillbehor-sv","8":"atta45_taxonomy-trading-elektronik-mobiltillbehor-powerbank-speakers-sv","9":"atta45_taxonomy-elektronik-kontor-powerbank-speakers-sv","11":"first","12":"instock","13":"taxable","14":"shipping-taxable","15":"purchasable","16":"product-type-variable"},"acf":[],"_links":{"self":[{"href":"https:\/\/www.atta45.se\/e-butik\/wp-json\/wp\/v2\/product\/29421","targetHints":{"allow":["GET"]}}],"collection":[{"href":"https:\/\/www.atta45.se\/e-butik\/wp-json\/wp\/v2\/product"}],"about":[{"href":"https:\/\/www.atta45.se\/e-butik\/wp-json\/wp\/v2\/types\/product"}],"wp:featuredmedia":[{"embeddable":true,"href":"https:\/\/www.atta45.se\/e-butik\/wp-json\/wp\/v2\/media\/29422"}],"wp:attachment":[{"href":"https:\/\/www.atta45.se\/e-butik\/wp-json\/wp\/v2\/media?parent=29421"}],"wp:term":[{"taxonomy":"product_brand","embeddable":true,"href":"https:\/\/www.atta45.se\/e-butik\/wp-json\/wp\/v2\/product_brand?post=29421"},{"taxonomy":"product_cat","embeddable":true,"href":"https:\/\/www.atta45.se\/e-butik\/wp-json\/wp\/v2\/product_cat?post=29421"},{"taxonomy":"product_tag","embeddable":true,"href":"https:\/\/www.atta45.se\/e-butik\/wp-json\/wp\/v2\/product_tag?post=29421"}],"curies":[{"name":"wp","href":"https:\/\/api.w.org\/{rel}","templated":true}]}}