{"id":293922,"date":"2025-01-01T19:39:59","date_gmt":"2025-01-01T18:39:59","guid":{"rendered":"https:\/\/www.atta45.se\/e-butik\/produkt\/stickymat-gelly\/"},"modified":"2025-10-28T03:22:07","modified_gmt":"2025-10-28T02:22:07","slug":"stickymat-gelly","status":"publish","type":"product","link":"https:\/\/www.atta45.se\/e-butik\/produkt\/stickymat-gelly\/","title":{"rendered":"StickyMat\u00ae Gelly"},"content":{"rendered":"<p>Extra vidh\u00e4ftande, bra f\u00f6r att h\u00e5lla telefon och sm\u00e5saker p\u00e5 plats i bilen eller b\u00e5ten. I extra vidh\u00e4ftande mjuk PVC. Logon trycks med 1-2 f\u00e4rger eller fullf\u00e4rgs digitaltryck. Papperskort ing\u00e5r.<\/p>\n","protected":false},"excerpt":{"rendered":"<p>Extra vidh\u00e4ftande, bra f\u00f6r att h\u00e5lla telefon och sm\u00e5saker p\u00e5 plats i bilen eller b\u00e5ten. I extra vidh\u00e4ftande mjuk PVC. Logon trycks med 1-2 f\u00e4rger eller fullf\u00e4rgs digitaltryck. Papperskort ing\u00e5r.<\/p>\n","protected":false},"featured_media":0,"template":"","meta":{"_acf_changed":false,"_seopress_robots_primary_cat":"","_seopress_titles_title":"","_seopress_titles_desc":"","_seopress_robots_index":""},"product_brand":[],"product_cat":[15],"product_tag":[],"class_list":{"0":"post-293922","1":"product","2":"type-product","3":"status-publish","5":"product_cat-okategoriserad","6":"atta45_taxonomy-reflexer-verktyg-sakerhet-biltillbehor-sv","7":"atta45_taxonomy-tema-inspiration-varumarken-ycp-sv","9":"first","10":"instock","11":"taxable","12":"shipping-taxable","13":"purchasable","14":"product-type-variable"},"acf":[],"_links":{"self":[{"href":"https:\/\/www.atta45.se\/e-butik\/wp-json\/wp\/v2\/product\/293922","targetHints":{"allow":["GET"]}}],"collection":[{"href":"https:\/\/www.atta45.se\/e-butik\/wp-json\/wp\/v2\/product"}],"about":[{"href":"https:\/\/www.atta45.se\/e-butik\/wp-json\/wp\/v2\/types\/product"}],"wp:attachment":[{"href":"https:\/\/www.atta45.se\/e-butik\/wp-json\/wp\/v2\/media?parent=293922"}],"wp:term":[{"taxonomy":"product_brand","embeddable":true,"href":"https:\/\/www.atta45.se\/e-butik\/wp-json\/wp\/v2\/product_brand?post=293922"},{"taxonomy":"product_cat","embeddable":true,"href":"https:\/\/www.atta45.se\/e-butik\/wp-json\/wp\/v2\/product_cat?post=293922"},{"taxonomy":"product_tag","embeddable":true,"href":"https:\/\/www.atta45.se\/e-butik\/wp-json\/wp\/v2\/product_tag?post=293922"}],"curies":[{"name":"wp","href":"https:\/\/api.w.org\/{rel}","templated":true}]}}