{"id":293916,"date":"2025-01-01T19:39:19","date_gmt":"2025-01-01T18:39:19","guid":{"rendered":"https:\/\/www.atta45.se\/e-butik\/produkt\/stickymat-original\/"},"modified":"2025-10-28T03:21:49","modified_gmt":"2025-10-28T02:21:49","slug":"stickymat-original","status":"publish","type":"product","link":"https:\/\/www.atta45.se\/e-butik\/produkt\/stickymat-original\/","title":{"rendered":"StickyMat\u00ae Original"},"content":{"rendered":"<p>Perfekt f\u00f6r att h\u00e5lla telefonen och sm\u00e5saker p\u00e5 plats i bilen eller b\u00e5ten. I vidh\u00e4ftande mjuk PVC. Logon gjuts in idesignen. 1-4 f\u00e4rgers design (inklusive bottenf\u00e4rgen) och papperskort ing\u00e5r. Kan tillverkas i egen form.<\/p>\n","protected":false},"excerpt":{"rendered":"<p>Perfekt f\u00f6r att h\u00e5lla telefonen och sm\u00e5saker p\u00e5 plats i bilen eller b\u00e5ten. I vidh\u00e4ftande mjuk PVC. Logon gjuts in idesignen. 1-4 f\u00e4rgers design (inklusive bottenf\u00e4rgen) och papperskort ing\u00e5r. Kan tillverkas i egen form.<\/p>\n","protected":false},"featured_media":0,"template":"","meta":{"_acf_changed":false,"_seopress_robots_primary_cat":"","_seopress_titles_title":"","_seopress_titles_desc":"","_seopress_robots_index":""},"product_brand":[],"product_cat":[15],"product_tag":[],"class_list":{"0":"post-293916","1":"product","2":"type-product","3":"status-publish","5":"product_cat-okategoriserad","6":"atta45_taxonomy-reflexer-verktyg-sakerhet-biltillbehor-sv","7":"atta45_taxonomy-tema-inspiration-varumarken-ycp-sv","9":"first","10":"instock","11":"taxable","12":"shipping-taxable","13":"purchasable","14":"product-type-variable"},"acf":[],"_links":{"self":[{"href":"https:\/\/www.atta45.se\/e-butik\/wp-json\/wp\/v2\/product\/293916","targetHints":{"allow":["GET"]}}],"collection":[{"href":"https:\/\/www.atta45.se\/e-butik\/wp-json\/wp\/v2\/product"}],"about":[{"href":"https:\/\/www.atta45.se\/e-butik\/wp-json\/wp\/v2\/types\/product"}],"wp:attachment":[{"href":"https:\/\/www.atta45.se\/e-butik\/wp-json\/wp\/v2\/media?parent=293916"}],"wp:term":[{"taxonomy":"product_brand","embeddable":true,"href":"https:\/\/www.atta45.se\/e-butik\/wp-json\/wp\/v2\/product_brand?post=293916"},{"taxonomy":"product_cat","embeddable":true,"href":"https:\/\/www.atta45.se\/e-butik\/wp-json\/wp\/v2\/product_cat?post=293916"},{"taxonomy":"product_tag","embeddable":true,"href":"https:\/\/www.atta45.se\/e-butik\/wp-json\/wp\/v2\/product_tag?post=293916"}],"curies":[{"name":"wp","href":"https:\/\/api.w.org\/{rel}","templated":true}]}}