{"id":293910,"date":"2025-01-01T19:38:17","date_gmt":"2025-01-01T18:38:17","guid":{"rendered":"https:\/\/www.atta45.se\/e-butik\/produkt\/festivalband-tryckt-textil\/"},"modified":"2025-10-28T03:09:59","modified_gmt":"2025-10-28T02:09:59","slug":"festivalband-tryckt-textil","status":"publish","type":"product","link":"https:\/\/www.atta45.se\/e-butik\/produkt\/festivalband-tryckt-textil\/","title":{"rendered":"Festivalband tryckt textil"},"content":{"rendered":"<p>Plant textilband med 1-f\u00e4rgstryck p\u00e5 ena sidan. Kontakta oss f\u00f6r fler designm\u00f6jligheter.<\/p>\n","protected":false},"excerpt":{"rendered":"<p>Plant textilband med 1-f\u00e4rgstryck p\u00e5 ena sidan. Kontakta oss f\u00f6r fler designm\u00f6jligheter.<\/p>\n","protected":false},"featured_media":0,"template":"","meta":{"_acf_changed":false,"_seopress_robots_primary_cat":"","_seopress_titles_title":"","_seopress_titles_desc":"","_seopress_robots_index":""},"product_brand":[],"product_cat":[15],"product_tag":[],"class_list":{"0":"post-293910","1":"product","2":"type-product","3":"status-publish","5":"product_cat-okategoriserad","6":"atta45_taxonomy-expo-event-festivalband-sv","7":"atta45_taxonomy-tema-inspiration-varumarken-ycp-sv","9":"first","10":"instock","11":"taxable","12":"shipping-taxable","13":"purchasable","14":"product-type-variable"},"acf":[],"_links":{"self":[{"href":"https:\/\/www.atta45.se\/e-butik\/wp-json\/wp\/v2\/product\/293910","targetHints":{"allow":["GET"]}}],"collection":[{"href":"https:\/\/www.atta45.se\/e-butik\/wp-json\/wp\/v2\/product"}],"about":[{"href":"https:\/\/www.atta45.se\/e-butik\/wp-json\/wp\/v2\/types\/product"}],"wp:attachment":[{"href":"https:\/\/www.atta45.se\/e-butik\/wp-json\/wp\/v2\/media?parent=293910"}],"wp:term":[{"taxonomy":"product_brand","embeddable":true,"href":"https:\/\/www.atta45.se\/e-butik\/wp-json\/wp\/v2\/product_brand?post=293910"},{"taxonomy":"product_cat","embeddable":true,"href":"https:\/\/www.atta45.se\/e-butik\/wp-json\/wp\/v2\/product_cat?post=293910"},{"taxonomy":"product_tag","embeddable":true,"href":"https:\/\/www.atta45.se\/e-butik\/wp-json\/wp\/v2\/product_tag?post=293910"}],"curies":[{"name":"wp","href":"https:\/\/api.w.org\/{rel}","templated":true}]}}