{"id":293754,"date":"2025-01-01T19:31:57","date_gmt":"2025-01-01T18:31:57","guid":{"rendered":"https:\/\/www.atta45.se\/e-butik\/produkt\/isskrapa-rektangel\/"},"modified":"2025-10-28T00:41:15","modified_gmt":"2025-10-27T23:41:15","slug":"isskrapa-rektangel","status":"publish","type":"product","link":"https:\/\/www.atta45.se\/e-butik\/produkt\/isskrapa-rektangel\/","title":{"rendered":"Isskrapa rektangel"},"content":{"rendered":"<p>Den popul\u00e4raste isskrapan i Skandinavien. Anv\u00e4nds av de allra flesta, och har en stor tryckyta.<\/p>\n<p>F\u00f6r produkter utan tryck debiteras 75 kr i hanteringskostnad.<\/p>\n","protected":false},"excerpt":{"rendered":"<p>Den popul\u00e4raste isskrapan i Skandinavien. Anv\u00e4nds av de allra flesta, och har en stor tryckyta. F\u00f6r produkter utan tryck debiteras 75 kr i hanteringskostnad.<\/p>\n","protected":false},"featured_media":0,"template":"","meta":{"_acf_changed":false,"_seopress_robots_primary_cat":"","_seopress_titles_title":"","_seopress_titles_desc":"","_seopress_robots_index":""},"product_brand":[],"product_cat":[15],"product_tag":[],"class_list":{"0":"post-293754","1":"product","2":"type-product","3":"status-publish","5":"product_cat-okategoriserad","6":"atta45_taxonomy-reflexer-verktyg-sakerhet-biltillbehor-sv","7":"atta45_taxonomy-tema-inspiration-made-in-europe-sverige-sv","8":"atta45_taxonomy-tema-inspiration-varumarken-ycp-sv","10":"first","11":"instock","12":"taxable","13":"shipping-taxable","14":"purchasable","15":"product-type-variable"},"acf":[],"_links":{"self":[{"href":"https:\/\/www.atta45.se\/e-butik\/wp-json\/wp\/v2\/product\/293754","targetHints":{"allow":["GET"]}}],"collection":[{"href":"https:\/\/www.atta45.se\/e-butik\/wp-json\/wp\/v2\/product"}],"about":[{"href":"https:\/\/www.atta45.se\/e-butik\/wp-json\/wp\/v2\/types\/product"}],"wp:attachment":[{"href":"https:\/\/www.atta45.se\/e-butik\/wp-json\/wp\/v2\/media?parent=293754"}],"wp:term":[{"taxonomy":"product_brand","embeddable":true,"href":"https:\/\/www.atta45.se\/e-butik\/wp-json\/wp\/v2\/product_brand?post=293754"},{"taxonomy":"product_cat","embeddable":true,"href":"https:\/\/www.atta45.se\/e-butik\/wp-json\/wp\/v2\/product_cat?post=293754"},{"taxonomy":"product_tag","embeddable":true,"href":"https:\/\/www.atta45.se\/e-butik\/wp-json\/wp\/v2\/product_tag?post=293754"}],"curies":[{"name":"wp","href":"https:\/\/api.w.org\/{rel}","templated":true}]}}