{"id":293710,"date":"2025-01-01T19:28:34","date_gmt":"2025-01-01T18:28:34","guid":{"rendered":"https:\/\/www.atta45.se\/e-butik\/produkt\/kudde-vattenavvisande-fullfargstryck-eu\/"},"modified":"2025-10-28T00:38:28","modified_gmt":"2025-10-27T23:38:28","slug":"kudde-vattenavvisande-fullfargstryck-eu","status":"publish","type":"product","link":"https:\/\/www.atta45.se\/e-butik\/produkt\/kudde-vattenavvisande-fullfargstryck-eu\/","title":{"rendered":"Kudde vattenavvisande (fullf\u00e4rgstryck) EU"},"content":{"rendered":"<p>Producerad i Europa<\/p>\n<p>Dekorativ, fin kudde med sublimeringstryck p\u00e5 b\u00e5da sidor.<\/p>\n<p>Hela produkten trycks i din design. Allt fr\u00e5n bottenf\u00e4rgen till logotypen. G\u00f6rs i fullf\u00e4rgstryck, vilket ger total frihet i f\u00e4rger och layout.<\/p>\n<p>Storlek: Olika storlekar (+\/-1 cm)<br \/>Material: Vattenavvisande material<br \/>Materialvikt: 190 g \/ m2<br \/>F\u00f6rpackad: individuell <\/p>\n<p>The One Premium<\/p>\n","protected":false},"excerpt":{"rendered":"<p>Producerad i Europa Dekorativ, fin kudde med sublimeringstryck p\u00e5 b\u00e5da sidor. Hela produkten trycks i din design. Allt fr\u00e5n bottenf\u00e4rgen till logotypen. G\u00f6rs i fullf\u00e4rgstryck, vilket ger total frihet i f\u00e4rger och layout. Storlek: Olika storlekar (+\/-1 cm)Material: Vattenavvisande materialMaterialvikt: 190 g \/ m2F\u00f6rpackad: individuell The One Premium<\/p>\n","protected":false},"featured_media":293711,"template":"","meta":{"_acf_changed":false,"_seopress_robots_primary_cat":"","_seopress_titles_title":"","_seopress_titles_desc":"","_seopress_robots_index":""},"product_brand":[],"product_cat":[15],"product_tag":[],"class_list":{"0":"post-293710","1":"product","2":"type-product","3":"status-publish","4":"has-post-thumbnail","6":"product_cat-okategoriserad","7":"atta45_taxonomy-textil-hem-interior-sv","8":"atta45_taxonomy-textil-kuddar-sv","9":"atta45_taxonomy-tema-inspiration-varumarken-the-one-premium-sv","11":"first","12":"instock","13":"taxable","14":"shipping-taxable","15":"purchasable","16":"product-type-variable"},"acf":[],"_links":{"self":[{"href":"https:\/\/www.atta45.se\/e-butik\/wp-json\/wp\/v2\/product\/293710","targetHints":{"allow":["GET"]}}],"collection":[{"href":"https:\/\/www.atta45.se\/e-butik\/wp-json\/wp\/v2\/product"}],"about":[{"href":"https:\/\/www.atta45.se\/e-butik\/wp-json\/wp\/v2\/types\/product"}],"wp:featuredmedia":[{"embeddable":true,"href":"https:\/\/www.atta45.se\/e-butik\/wp-json\/wp\/v2\/media\/293711"}],"wp:attachment":[{"href":"https:\/\/www.atta45.se\/e-butik\/wp-json\/wp\/v2\/media?parent=293710"}],"wp:term":[{"taxonomy":"product_brand","embeddable":true,"href":"https:\/\/www.atta45.se\/e-butik\/wp-json\/wp\/v2\/product_brand?post=293710"},{"taxonomy":"product_cat","embeddable":true,"href":"https:\/\/www.atta45.se\/e-butik\/wp-json\/wp\/v2\/product_cat?post=293710"},{"taxonomy":"product_tag","embeddable":true,"href":"https:\/\/www.atta45.se\/e-butik\/wp-json\/wp\/v2\/product_tag?post=293710"}],"curies":[{"name":"wp","href":"https:\/\/api.w.org\/{rel}","templated":true}]}}