{"id":293684,"date":"2025-01-01T19:27:28","date_gmt":"2025-01-01T18:27:28","guid":{"rendered":"https:\/\/www.atta45.se\/e-butik\/produkt\/pike-sxps-1-teardrop-dam-eu\/"},"modified":"2025-10-28T00:30:27","modified_gmt":"2025-10-27T23:30:27","slug":"pike-sxps-1-teardrop-dam-eu","status":"publish","type":"product","link":"https:\/\/www.atta45.se\/e-butik\/produkt\/pike-sxps-1-teardrop-dam-eu\/","title":{"rendered":"Pik\u00e9 SXPS 1 Teardrop (Dam) EU"},"content":{"rendered":"<p>Producerad i Europa<\/p>\n<p>Klassisk polotr\u00f6ja. Tillverkad av h\u00f6gkvalitativt tyg f\u00f6r att s\u00e4kerst\u00e4lla optimal komfort och perfekt passform. Tidl\u00f6s, avslappnad snitt och look.<\/p>\n<p>Hela produkten trycks i din design. Allt fr\u00e5n bottenf\u00e4rgen till logotypen. G\u00f6rs i fullf\u00e4rgstryck, vilket ger total frihet i f\u00e4rger och layout.<\/p>\n<p>Storlekar: Olika storlekar<br \/>Material: 100 % Polyester<br \/>F\u00f6rpackad: individuell <\/p>\n<p>The One Premium<\/p>\n","protected":false},"excerpt":{"rendered":"<p>Producerad i Europa Klassisk polotr\u00f6ja. Tillverkad av h\u00f6gkvalitativt tyg f\u00f6r att s\u00e4kerst\u00e4lla optimal komfort och perfekt passform. Tidl\u00f6s, avslappnad snitt och look. Hela produkten trycks i din design. Allt fr\u00e5n bottenf\u00e4rgen till logotypen. G\u00f6rs i fullf\u00e4rgstryck, vilket ger total frihet i f\u00e4rger och layout. Storlekar: Olika storlekarMaterial: 100 % PolyesterF\u00f6rpackad: individuell The One Premium<\/p>\n","protected":false},"featured_media":0,"template":"","meta":{"_acf_changed":false,"_seopress_robots_primary_cat":"","_seopress_titles_title":"","_seopress_titles_desc":"","_seopress_robots_index":""},"product_brand":[],"product_cat":[15],"product_tag":[],"class_list":{"0":"post-293684","1":"product","2":"type-product","3":"status-publish","5":"product_cat-okategoriserad","6":"atta45_taxonomy-textil-piketrojor-tennistrojor-sv","7":"atta45_taxonomy-textil-sport-performance-sv","8":"atta45_taxonomy-tema-inspiration-varumarken-the-one-premium-sv","10":"first","11":"instock","12":"taxable","13":"shipping-taxable","14":"purchasable","15":"product-type-variable"},"acf":[],"_links":{"self":[{"href":"https:\/\/www.atta45.se\/e-butik\/wp-json\/wp\/v2\/product\/293684","targetHints":{"allow":["GET"]}}],"collection":[{"href":"https:\/\/www.atta45.se\/e-butik\/wp-json\/wp\/v2\/product"}],"about":[{"href":"https:\/\/www.atta45.se\/e-butik\/wp-json\/wp\/v2\/types\/product"}],"wp:attachment":[{"href":"https:\/\/www.atta45.se\/e-butik\/wp-json\/wp\/v2\/media?parent=293684"}],"wp:term":[{"taxonomy":"product_brand","embeddable":true,"href":"https:\/\/www.atta45.se\/e-butik\/wp-json\/wp\/v2\/product_brand?post=293684"},{"taxonomy":"product_cat","embeddable":true,"href":"https:\/\/www.atta45.se\/e-butik\/wp-json\/wp\/v2\/product_cat?post=293684"},{"taxonomy":"product_tag","embeddable":true,"href":"https:\/\/www.atta45.se\/e-butik\/wp-json\/wp\/v2\/product_tag?post=293684"}],"curies":[{"name":"wp","href":"https:\/\/api.w.org\/{rel}","templated":true}]}}