{"id":293626,"date":"2025-01-01T19:24:33","date_gmt":"2025-01-01T18:24:33","guid":{"rendered":"https:\/\/www.atta45.se\/e-butik\/produkt\/hoodie-kangaroo-eu\/"},"modified":"2025-10-28T00:30:00","modified_gmt":"2025-10-27T23:30:00","slug":"hoodie-kangaroo-eu","status":"publish","type":"product","link":"https:\/\/www.atta45.se\/e-butik\/produkt\/hoodie-kangaroo-eu\/","title":{"rendered":"Hoodie Kangaroo EU"},"content":{"rendered":"<p>Producerad i Europa<\/p>\n<p>Klassisk hoodie. Nytt, f\u00f6rb\u00e4ttrat snitt. En v\u00e4lskuren huva. Dragsko i huvan och ribbade muddar. H\u00f6g kvalitet. Mjuk, borstad p\u00e5 insidan. Unisex snitt.<\/p>\n<p>Hela produkten trycks i din design. Allt fr\u00e5n bottenf\u00e4rgen till logotypen. G\u00f6rs i fullf\u00e4rgstryck, vilket ger total frihet i f\u00e4rger och layout.<\/p>\n<p>Storlekar: Olika storlekar<br \/>Material: bomull 40%, polyester 60%<br \/>F\u00f6rpackad: individuell <\/p>\n<p>The One Premium<\/p>\n","protected":false},"excerpt":{"rendered":"<p>Producerad i Europa Klassisk hoodie. Nytt, f\u00f6rb\u00e4ttrat snitt. En v\u00e4lskuren huva. Dragsko i huvan och ribbade muddar. H\u00f6g kvalitet. Mjuk, borstad p\u00e5 insidan. Unisex snitt. Hela produkten trycks i din design. Allt fr\u00e5n bottenf\u00e4rgen till logotypen. G\u00f6rs i fullf\u00e4rgstryck, vilket ger total frihet i f\u00e4rger och layout. Storlekar: Olika storlekarMaterial: bomull 40%, polyester 60%F\u00f6rpackad: individuell [&hellip;]<\/p>\n","protected":false},"featured_media":293627,"template":"","meta":{"_acf_changed":false,"_seopress_robots_primary_cat":"","_seopress_titles_title":"","_seopress_titles_desc":"","_seopress_robots_index":""},"product_brand":[],"product_cat":[15],"product_tag":[],"class_list":{"0":"post-293626","1":"product","2":"type-product","3":"status-publish","4":"has-post-thumbnail","6":"product_cat-okategoriserad","7":"atta45_taxonomy-textil-sweatshirts-collegetrojor-sv","8":"atta45_taxonomy-tema-inspiration-varumarken-the-one-premium-sv","10":"first","11":"instock","12":"taxable","13":"shipping-taxable","14":"purchasable","15":"product-type-variable"},"acf":[],"_links":{"self":[{"href":"https:\/\/www.atta45.se\/e-butik\/wp-json\/wp\/v2\/product\/293626","targetHints":{"allow":["GET"]}}],"collection":[{"href":"https:\/\/www.atta45.se\/e-butik\/wp-json\/wp\/v2\/product"}],"about":[{"href":"https:\/\/www.atta45.se\/e-butik\/wp-json\/wp\/v2\/types\/product"}],"wp:featuredmedia":[{"embeddable":true,"href":"https:\/\/www.atta45.se\/e-butik\/wp-json\/wp\/v2\/media\/293627"}],"wp:attachment":[{"href":"https:\/\/www.atta45.se\/e-butik\/wp-json\/wp\/v2\/media?parent=293626"}],"wp:term":[{"taxonomy":"product_brand","embeddable":true,"href":"https:\/\/www.atta45.se\/e-butik\/wp-json\/wp\/v2\/product_brand?post=293626"},{"taxonomy":"product_cat","embeddable":true,"href":"https:\/\/www.atta45.se\/e-butik\/wp-json\/wp\/v2\/product_cat?post=293626"},{"taxonomy":"product_tag","embeddable":true,"href":"https:\/\/www.atta45.se\/e-butik\/wp-json\/wp\/v2\/product_tag?post=293626"}],"curies":[{"name":"wp","href":"https:\/\/api.w.org\/{rel}","templated":true}]}}