{"id":293600,"date":"2025-01-01T19:23:43","date_gmt":"2025-01-01T18:23:43","guid":{"rendered":"https:\/\/www.atta45.se\/e-butik\/produkt\/sportjacka-spartan-eu\/"},"modified":"2025-10-28T00:29:47","modified_gmt":"2025-10-27T23:29:47","slug":"sportjacka-spartan-eu","status":"publish","type":"product","link":"https:\/\/www.atta45.se\/e-butik\/produkt\/sportjacka-spartan-eu\/","title":{"rendered":"Sportjacka Spartan EU"},"content":{"rendered":"<p>Producerad i Europa<\/p>\n<p>Klassisk sportjacka med dragkedja i full l\u00e4ngd och tv\u00e5 fickor p\u00e5 sidorna. Ribbstickade muddar och f\u00e5ll, platta s\u00f6mmar. Tr\u00f6jan \u00e4r mjuk och borstad p\u00e5 insidan. Unisex snitt.<\/p>\n<p>Hela produkten trycks i din design. Allt fr\u00e5n bottenf\u00e4rgen till logotypen. G\u00f6rs i fullf\u00e4rgstryck, vilket ger total frihet i f\u00e4rger och layout.<\/p>\n<p>Storlekar: Olika storlekar<br \/>Material: 100 % Polyester<br \/>Tygvikt: 210 gsm<br \/>Packas: individuell <\/p>\n<p>The One Premium<\/p>\n","protected":false},"excerpt":{"rendered":"<p>Producerad i Europa Klassisk sportjacka med dragkedja i full l\u00e4ngd och tv\u00e5 fickor p\u00e5 sidorna. Ribbstickade muddar och f\u00e5ll, platta s\u00f6mmar. Tr\u00f6jan \u00e4r mjuk och borstad p\u00e5 insidan. Unisex snitt. Hela produkten trycks i din design. Allt fr\u00e5n bottenf\u00e4rgen till logotypen. G\u00f6rs i fullf\u00e4rgstryck, vilket ger total frihet i f\u00e4rger och layout. Storlekar: Olika storlekarMaterial: [&hellip;]<\/p>\n","protected":false},"featured_media":0,"template":"","meta":{"_acf_changed":false,"_seopress_robots_primary_cat":"","_seopress_titles_title":"","_seopress_titles_desc":"","_seopress_robots_index":""},"product_brand":[],"product_cat":[15],"product_tag":[],"class_list":{"0":"post-293600","1":"product","2":"type-product","3":"status-publish","5":"product_cat-okategoriserad","6":"atta45_taxonomy-textil-sweatshirts-collegetrojor-sv","7":"atta45_taxonomy-tema-inspiration-varumarken-the-one-premium-sv","9":"first","10":"instock","11":"taxable","12":"shipping-taxable","13":"purchasable","14":"product-type-variable"},"acf":[],"_links":{"self":[{"href":"https:\/\/www.atta45.se\/e-butik\/wp-json\/wp\/v2\/product\/293600","targetHints":{"allow":["GET"]}}],"collection":[{"href":"https:\/\/www.atta45.se\/e-butik\/wp-json\/wp\/v2\/product"}],"about":[{"href":"https:\/\/www.atta45.se\/e-butik\/wp-json\/wp\/v2\/types\/product"}],"wp:attachment":[{"href":"https:\/\/www.atta45.se\/e-butik\/wp-json\/wp\/v2\/media?parent=293600"}],"wp:term":[{"taxonomy":"product_brand","embeddable":true,"href":"https:\/\/www.atta45.se\/e-butik\/wp-json\/wp\/v2\/product_brand?post=293600"},{"taxonomy":"product_cat","embeddable":true,"href":"https:\/\/www.atta45.se\/e-butik\/wp-json\/wp\/v2\/product_cat?post=293600"},{"taxonomy":"product_tag","embeddable":true,"href":"https:\/\/www.atta45.se\/e-butik\/wp-json\/wp\/v2\/product_tag?post=293600"}],"curies":[{"name":"wp","href":"https:\/\/api.w.org\/{rel}","templated":true}]}}