{"id":293572,"date":"2025-01-01T19:21:29","date_gmt":"2025-01-01T18:21:29","guid":{"rendered":"https:\/\/www.atta45.se\/e-butik\/produkt\/fyrkantigt-kuddfodral-full-color-print-eu\/"},"modified":"2025-10-27T17:57:35","modified_gmt":"2025-10-27T16:57:35","slug":"fyrkantigt-kuddfodral-full-color-print-eu","status":"publish","type":"product","link":"https:\/\/www.atta45.se\/e-butik\/produkt\/fyrkantigt-kuddfodral-full-color-print-eu\/","title":{"rendered":"Fyrkantigt kuddfodral (full color print) EU"},"content":{"rendered":"<p>Tillverkad i Europa<\/p>\n<p>Dekorativt snyggt kuddfodral med sublimationstryck p\u00e5 b\u00e5da sidor.<\/p>\n<p>Hela produkten trycks i din design. Allt fr\u00e5n grundf\u00e4rgen till logotypen. Tillverkad i fyrf\u00e4rgstryck, vilket ger total frihet i f\u00e4rger och layout.<\/p>\n<p>Storlek: Olika storlekar tillg\u00e4ngliga<br \/>Material: 80% polyester, 20% polyamid<br \/>Materialvikt: 205 g\/m2<br \/>F\u00f6rpackad: individuell<\/p>\n<p>The One Premium<\/p>\n","protected":false},"excerpt":{"rendered":"<p>Tillverkad i Europa Dekorativt snyggt kuddfodral med sublimationstryck p\u00e5 b\u00e5da sidor. Hela produkten trycks i din design. Allt fr\u00e5n grundf\u00e4rgen till logotypen. Tillverkad i fyrf\u00e4rgstryck, vilket ger total frihet i f\u00e4rger och layout. Storlek: Olika storlekar tillg\u00e4ngligaMaterial: 80% polyester, 20% polyamidMaterialvikt: 205 g\/m2F\u00f6rpackad: individuell The One Premium<\/p>\n","protected":false},"featured_media":0,"template":"","meta":{"_acf_changed":false,"_seopress_robots_primary_cat":"","_seopress_titles_title":"","_seopress_titles_desc":"","_seopress_robots_index":""},"product_brand":[],"product_cat":[15],"product_tag":[],"class_list":{"0":"post-293572","1":"product","2":"type-product","3":"status-publish","5":"product_cat-okategoriserad","6":"atta45_taxonomy-textil-hem-interior-sv","7":"atta45_taxonomy-textil-kuddar-sv","8":"atta45_taxonomy-tema-inspiration-varumarken-the-one-premium-sv","10":"first","11":"instock","12":"taxable","13":"shipping-taxable","14":"purchasable","15":"product-type-variable"},"acf":[],"_links":{"self":[{"href":"https:\/\/www.atta45.se\/e-butik\/wp-json\/wp\/v2\/product\/293572","targetHints":{"allow":["GET"]}}],"collection":[{"href":"https:\/\/www.atta45.se\/e-butik\/wp-json\/wp\/v2\/product"}],"about":[{"href":"https:\/\/www.atta45.se\/e-butik\/wp-json\/wp\/v2\/types\/product"}],"wp:attachment":[{"href":"https:\/\/www.atta45.se\/e-butik\/wp-json\/wp\/v2\/media?parent=293572"}],"wp:term":[{"taxonomy":"product_brand","embeddable":true,"href":"https:\/\/www.atta45.se\/e-butik\/wp-json\/wp\/v2\/product_brand?post=293572"},{"taxonomy":"product_cat","embeddable":true,"href":"https:\/\/www.atta45.se\/e-butik\/wp-json\/wp\/v2\/product_cat?post=293572"},{"taxonomy":"product_tag","embeddable":true,"href":"https:\/\/www.atta45.se\/e-butik\/wp-json\/wp\/v2\/product_tag?post=293572"}],"curies":[{"name":"wp","href":"https:\/\/api.w.org\/{rel}","templated":true}]}}